{"id":884,"date":"2021-09-15T16:47:18","date_gmt":"2021-09-15T14:47:18","guid":{"rendered":"https:\/\/www.hn-services.com\/?page_id=884"},"modified":"2026-03-25T11:33:35","modified_gmt":"2026-03-25T10:33:35","slug":"mentions-legales","status":"publish","type":"page","link":"https:\/\/www.hn-services.com\/fr\/mentions-legales\/","title":{"rendered":"Mentions l\u00e9gales"},"content":{"rendered":"\n<div class=\"wp-block-group alignwide is-layout-flow wp-block-group-is-layout-flow\"><div class=\"wp-block-group__inner-container\">\n<div style=\"height:35px\" aria-hidden=\"true\" class=\"wp-block-spacer\"><\/div>\n\n\n\n<div style=\"height:35px\" aria-hidden=\"true\" class=\"wp-block-spacer\"><\/div>\n\n\n\n<p><strong>Ce site web (www.hn-services.com) est con\u00e7u, r\u00e9alis\u00e9 et h\u00e9berg\u00e9 par :<\/strong><br>KAIMAN<br>355 Rue Albert Einstein B\u00e0t. Le Myaris,<br>13290 Aix-en-Provence<br>Tel : +33 4 42 60 01 20<br>lead@kaiman.fr<br><a href=\"https:\/\/www.kaiman.fr\/\" target=\"_blank\" rel=\"noreferrer noopener\">https:\/\/www.kaiman.fr\/<\/a><br>SIRET 422 970 103 000 38<\/p>\n\n\n\n<div style=\"height:20px\" aria-hidden=\"true\" class=\"wp-block-spacer\"><\/div>\n\n\n\n<p><strong>Loi applicable<\/strong><br>Le contenu de ce site est r\u00e9gi dans son int\u00e9gralit\u00e9 et uniquement par le droit fran\u00e7ais<\/p>\n\n\n\n<div style=\"height:20px\" aria-hidden=\"true\" class=\"wp-block-spacer\"><\/div>\n\n\n\n<p><strong>Loi \u00abInformatique et Libert\u00e9s\u00bb et RGPD<\/strong><br>Conform\u00e9ment \u00e0 la loi \u00ab Informatique et Libert\u00e9s \u00bb du 6 janvier 1978 modifi\u00e9e en 2018, vous b\u00e9n\u00e9ficiez d\u2019un droit d\u2019acc\u00e8s, de modification et de suppression des donn\u00e9es vous concernant. Les seules donn\u00e9es personnelles pouvant \u00eatre collect\u00e9es sont relatives aux formulaires de d\u00e9p\u00f4t de candidature et au formulaire de contact que vous pouvez \u00e9galement utiliser pour toute demande compl\u00e9mentaire.<br>Les donn\u00e9es collect\u00e9es sont conserv\u00e9es le temps de la relation du recrutement et vous b\u00e9n\u00e9ficiez d\u2019un droit d\u2019acc\u00e8s, de rectification, de portabilit\u00e9, d\u2019effacement de celles-ci ou une limitation du traitement.<br>Vous pouvez vous opposer au traitement des donn\u00e9es vous concernant et vous disposez du droit de retirer votre consentement \u00e0 tout moment en en faisant la demande et en produisant un justificatif d\u2019identit\u00e9 valide \u00e0 l\u2019adresse email suivante : rgpd@hn-services.com.<br>Vous avez la possibilit\u00e9 d\u2019introduire une r\u00e9clamation aupr\u00e8s d\u2019une autorit\u00e9 de contr\u00f4le.<\/p>\n\n\n\n<div style=\"height:20px\" aria-hidden=\"true\" class=\"wp-block-spacer\"><\/div>\n\n\n\n<p><strong>Avertissements<\/strong><br>Les informations contenues sur le site www.hn-services.com ont un caract\u00e8re indicatif et non contractuel : HN Services s\u2019efforce de publier une information v\u00e9rifi\u00e9e et \u00e0 jour. Cependant HN Services d\u00e9cline toute responsabilit\u00e9 en cas d\u2019erreur, d\u2019inexactitude ou d\u2019omission dans ces informations et se r\u00e9serve le droit de corriger, \u00e0 tout moment et sans pr\u00e9avis, le contenu dans le cadre de mises \u00e0 jour notamment. Les informations du site www.hn-services.com peuvent contenir des inexactitudes techniques ou des erreurs typographiques.<\/p>\n\n\n\n<div style=\"height:20px\" aria-hidden=\"true\" class=\"wp-block-spacer\"><\/div>\n\n\n\n<p><strong>Droits de propri\u00e9t\u00e9<\/strong><br>Toute reproduction totale ou partielle ou de fa\u00e7on g\u00e9n\u00e9rale, toute exploitation de ce site (contenu r\u00e9dactionnel, illustrations, informations, ic\u00f4nes, logos) par quelque proc\u00e9d\u00e9 que ce soit et sur quelque support que ce soit, sans l\u2019autorisation pr\u00e9alable et \u00e9crite de HN Services est strictement interdite.<\/p>\n\n\n\n<div style=\"height:20px\" aria-hidden=\"true\" class=\"wp-block-spacer\"><\/div>\n\n\n\n<p><strong>Liens hypertextes<\/strong><br>Les liens hypertextes pr\u00e9sents sur le site peuvent orienter l\u2019utilisateur vers des sites ext\u00e9rieurs dont le contenu ne peut en aucune mani\u00e8re engager la responsabilit\u00e9 de HN Services.<br>Toute cr\u00e9ation de lien hypertexte avec le site www.hn-services.com doit faire l\u2019objet d\u2019une demande d\u2019autorisation pr\u00e9alable et de l\u2019accord de HN Services.<\/p>\n\n\n\n<div style=\"height:20px\" aria-hidden=\"true\" class=\"wp-block-spacer\"><\/div>\n<\/div><\/div>\n","protected":false},"excerpt":{"rendered":"<p>Ce site web (www.hn-services.com) est con\u00e7u, r\u00e9alis\u00e9 et h\u00e9berg\u00e9 par :KAIMAN355 Rue Albert Einstein B\u00e0t. Le Myaris,13290 Aix-en-ProvenceTel : +33 4 42 60 01 20lead@kaiman.frhttps:\/\/www.kaiman.fr\/SIRET 422 970 103 000 38 Loi applicableLe contenu de ce site est r\u00e9gi dans son int\u00e9gralit\u00e9 et uniquement par le droit fran\u00e7ais Loi \u00abInformatique et Libert\u00e9s\u00bb et RGPDConform\u00e9ment \u00e0 la [&hellip;]<\/p>\n","protected":false},"author":1,"featured_media":0,"parent":0,"menu_order":9,"comment_status":"closed","ping_status":"closed","template":"","meta":{"footnotes":""},"yoast_head":"<!-- This site is optimized with the Yoast SEO plugin v21.4 - https:\/\/yoast.com\/wordpress\/plugins\/seo\/ -->\n<title>Mentions l\u00e9gales - HN Services<\/title>\n<meta name=\"robots\" content=\"index, follow, max-snippet:-1, max-image-preview:large, max-video-preview:-1\" \/>\n<link rel=\"canonical\" href=\"https:\/\/www.hn-services.com\/fr\/mentions-legales\/\" \/>\n<meta property=\"og:locale\" content=\"fr_FR\" \/>\n<meta property=\"og:type\" content=\"article\" \/>\n<meta property=\"og:title\" content=\"Mentions l\u00e9gales - HN Services\" \/>\n<meta property=\"og:description\" content=\"Ce site web (www.hn-services.com) est con\u00e7u, r\u00e9alis\u00e9 et h\u00e9berg\u00e9 par :KAIMAN355 Rue Albert Einstein B\u00e0t. Le Myaris,13290 Aix-en-ProvenceTel : +33 4 42 60 01 20lead@kaiman.frhttps:\/\/www.kaiman.fr\/SIRET 422 970 103 000 38 Loi applicableLe contenu de ce site est r\u00e9gi dans son int\u00e9gralit\u00e9 et uniquement par le droit fran\u00e7ais Loi \u00abInformatique et Libert\u00e9s\u00bb et RGPDConform\u00e9ment \u00e0 la [&hellip;]\" \/>\n<meta property=\"og:url\" content=\"https:\/\/www.hn-services.com\/fr\/mentions-legales\/\" \/>\n<meta property=\"og:site_name\" content=\"HN Services\" \/>\n<meta property=\"article:modified_time\" content=\"2026-03-25T10:33:35+00:00\" \/>\n<meta property=\"og:image\" content=\"https:\/\/www.hn-services.com\/wp-content\/uploads\/2021\/09\/HN-Paris-scaled.jpg\" \/>\n\t<meta property=\"og:image:width\" content=\"2560\" \/>\n\t<meta property=\"og:image:height\" content=\"1707\" \/>\n\t<meta property=\"og:image:type\" content=\"image\/jpeg\" \/>\n<meta name=\"twitter:card\" content=\"summary_large_image\" \/>\n<meta name=\"twitter:label1\" content=\"Dur\u00e9e de lecture estim\u00e9e\" \/>\n\t<meta name=\"twitter:data1\" content=\"2 minutes\" \/>\n<script type=\"application\/ld+json\" class=\"yoast-schema-graph\">{\"@context\":\"https:\/\/schema.org\",\"@graph\":[{\"@type\":\"WebPage\",\"@id\":\"https:\/\/www.hn-services.com\/fr\/mentions-legales\/\",\"url\":\"https:\/\/www.hn-services.com\/fr\/mentions-legales\/\",\"name\":\"Mentions l\u00e9gales - HN Services\",\"isPartOf\":{\"@id\":\"https:\/\/www.hn-services.com\/fr\/#website\"},\"datePublished\":\"2021-09-15T14:47:18+00:00\",\"dateModified\":\"2026-03-25T10:33:35+00:00\",\"breadcrumb\":{\"@id\":\"https:\/\/www.hn-services.com\/fr\/mentions-legales\/#breadcrumb\"},\"inLanguage\":\"fr-FR\",\"potentialAction\":[{\"@type\":\"ReadAction\",\"target\":[\"https:\/\/www.hn-services.com\/fr\/mentions-legales\/\"]}]},{\"@type\":\"BreadcrumbList\",\"@id\":\"https:\/\/www.hn-services.com\/fr\/mentions-legales\/#breadcrumb\",\"itemListElement\":[{\"@type\":\"ListItem\",\"position\":1,\"name\":\"Accueil\",\"item\":\"https:\/\/www.hn-services.com\/fr\/\"},{\"@type\":\"ListItem\",\"position\":2,\"name\":\"Mentions l\u00e9gales\"}]},{\"@type\":\"WebSite\",\"@id\":\"https:\/\/www.hn-services.com\/fr\/#website\",\"url\":\"https:\/\/www.hn-services.com\/fr\/\",\"name\":\"HN Services\",\"description\":\"Entreprise de Services du Num\u00e9rique, accompagne ses clients dans leur transformation digitale\",\"publisher\":{\"@id\":\"https:\/\/www.hn-services.com\/fr\/#organization\"},\"potentialAction\":[{\"@type\":\"SearchAction\",\"target\":{\"@type\":\"EntryPoint\",\"urlTemplate\":\"https:\/\/www.hn-services.com\/fr\/?s={search_term_string}\"},\"query-input\":\"required name=search_term_string\"}],\"inLanguage\":\"fr-FR\"},{\"@type\":\"Organization\",\"@id\":\"https:\/\/www.hn-services.com\/fr\/#organization\",\"name\":\"HN Services\",\"url\":\"https:\/\/www.hn-services.com\/fr\/\",\"logo\":{\"@type\":\"ImageObject\",\"inLanguage\":\"fr-FR\",\"@id\":\"https:\/\/www.hn-services.com\/fr\/#\/schema\/logo\/image\/\",\"url\":\"https:\/\/www.hn-services.com\/wp-content\/uploads\/2021\/08\/Logo-HN-Services-Degrade.png\",\"contentUrl\":\"https:\/\/www.hn-services.com\/wp-content\/uploads\/2021\/08\/Logo-HN-Services-Degrade.png\",\"width\":149,\"height\":66,\"caption\":\"HN Services\"},\"image\":{\"@id\":\"https:\/\/www.hn-services.com\/fr\/#\/schema\/logo\/image\/\"}}]}<\/script>\n<!-- \/ Yoast SEO plugin. -->","yoast_head_json":{"title":"Mentions l\u00e9gales - HN Services","robots":{"index":"index","follow":"follow","max-snippet":"max-snippet:-1","max-image-preview":"max-image-preview:large","max-video-preview":"max-video-preview:-1"},"canonical":"https:\/\/www.hn-services.com\/fr\/mentions-legales\/","og_locale":"fr_FR","og_type":"article","og_title":"Mentions l\u00e9gales - HN Services","og_description":"Ce site web (www.hn-services.com) est con\u00e7u, r\u00e9alis\u00e9 et h\u00e9berg\u00e9 par :KAIMAN355 Rue Albert Einstein B\u00e0t. Le Myaris,13290 Aix-en-ProvenceTel : +33 4 42 60 01 20lead@kaiman.frhttps:\/\/www.kaiman.fr\/SIRET 422 970 103 000 38 Loi applicableLe contenu de ce site est r\u00e9gi dans son int\u00e9gralit\u00e9 et uniquement par le droit fran\u00e7ais Loi \u00abInformatique et Libert\u00e9s\u00bb et RGPDConform\u00e9ment \u00e0 la [&hellip;]","og_url":"https:\/\/www.hn-services.com\/fr\/mentions-legales\/","og_site_name":"HN Services","article_modified_time":"2026-03-25T10:33:35+00:00","og_image":[{"width":2560,"height":1707,"url":"https:\/\/www.hn-services.com\/wp-content\/uploads\/2021\/09\/HN-Paris-scaled.jpg","type":"image\/jpeg"}],"twitter_card":"summary_large_image","twitter_misc":{"Dur\u00e9e de lecture estim\u00e9e":"2 minutes"},"schema":{"@context":"https:\/\/schema.org","@graph":[{"@type":"WebPage","@id":"https:\/\/www.hn-services.com\/fr\/mentions-legales\/","url":"https:\/\/www.hn-services.com\/fr\/mentions-legales\/","name":"Mentions l\u00e9gales - HN Services","isPartOf":{"@id":"https:\/\/www.hn-services.com\/fr\/#website"},"datePublished":"2021-09-15T14:47:18+00:00","dateModified":"2026-03-25T10:33:35+00:00","breadcrumb":{"@id":"https:\/\/www.hn-services.com\/fr\/mentions-legales\/#breadcrumb"},"inLanguage":"fr-FR","potentialAction":[{"@type":"ReadAction","target":["https:\/\/www.hn-services.com\/fr\/mentions-legales\/"]}]},{"@type":"BreadcrumbList","@id":"https:\/\/www.hn-services.com\/fr\/mentions-legales\/#breadcrumb","itemListElement":[{"@type":"ListItem","position":1,"name":"Accueil","item":"https:\/\/www.hn-services.com\/fr\/"},{"@type":"ListItem","position":2,"name":"Mentions l\u00e9gales"}]},{"@type":"WebSite","@id":"https:\/\/www.hn-services.com\/fr\/#website","url":"https:\/\/www.hn-services.com\/fr\/","name":"HN Services","description":"Entreprise de Services du Num\u00e9rique, accompagne ses clients dans leur transformation digitale","publisher":{"@id":"https:\/\/www.hn-services.com\/fr\/#organization"},"potentialAction":[{"@type":"SearchAction","target":{"@type":"EntryPoint","urlTemplate":"https:\/\/www.hn-services.com\/fr\/?s={search_term_string}"},"query-input":"required name=search_term_string"}],"inLanguage":"fr-FR"},{"@type":"Organization","@id":"https:\/\/www.hn-services.com\/fr\/#organization","name":"HN Services","url":"https:\/\/www.hn-services.com\/fr\/","logo":{"@type":"ImageObject","inLanguage":"fr-FR","@id":"https:\/\/www.hn-services.com\/fr\/#\/schema\/logo\/image\/","url":"https:\/\/www.hn-services.com\/wp-content\/uploads\/2021\/08\/Logo-HN-Services-Degrade.png","contentUrl":"https:\/\/www.hn-services.com\/wp-content\/uploads\/2021\/08\/Logo-HN-Services-Degrade.png","width":149,"height":66,"caption":"HN Services"},"image":{"@id":"https:\/\/www.hn-services.com\/fr\/#\/schema\/logo\/image\/"}}]}},"_links":{"self":[{"href":"https:\/\/www.hn-services.com\/fr\/wp-json\/wp\/v2\/pages\/884"}],"collection":[{"href":"https:\/\/www.hn-services.com\/fr\/wp-json\/wp\/v2\/pages"}],"about":[{"href":"https:\/\/www.hn-services.com\/fr\/wp-json\/wp\/v2\/types\/page"}],"author":[{"embeddable":true,"href":"https:\/\/www.hn-services.com\/fr\/wp-json\/wp\/v2\/users\/1"}],"replies":[{"embeddable":true,"href":"https:\/\/www.hn-services.com\/fr\/wp-json\/wp\/v2\/comments?post=884"}],"version-history":[{"count":20,"href":"https:\/\/www.hn-services.com\/fr\/wp-json\/wp\/v2\/pages\/884\/revisions"}],"predecessor-version":[{"id":5928,"href":"https:\/\/www.hn-services.com\/fr\/wp-json\/wp\/v2\/pages\/884\/revisions\/5928"}],"wp:attachment":[{"href":"https:\/\/www.hn-services.com\/fr\/wp-json\/wp\/v2\/media?parent=884"}],"curies":[{"name":"wp","href":"https:\/\/api.w.org\/{rel}","templated":true}]}}