{"id":587,"date":"2021-09-02T11:21:54","date_gmt":"2021-09-02T09:21:54","guid":{"rendered":"https:\/\/www.hn-services.com\/?page_id=587"},"modified":"2021-10-25T15:55:34","modified_gmt":"2021-10-25T13:55:34","slug":"nos-implantations","status":"publish","type":"page","link":"https:\/\/www.hn-services.com\/fr\/nos-implantations\/","title":{"rendered":"Nos implantations"},"content":{"rendered":"\n<div class=\"wp-block-contact-form-7-contact-form-selector\">\n<div class=\"wpcf7 no-js\" id=\"wpcf7-f624-o1\" lang=\"fr-FR\" dir=\"ltr\">\n<div class=\"screen-reader-response\"><p role=\"status\" aria-live=\"polite\" aria-atomic=\"true\"><\/p> <ul><\/ul><\/div>\n<form action=\"\/fr\/wp-json\/wp\/v2\/pages\/587#wpcf7-f624-o1\" method=\"post\" class=\"wpcf7-form init\" aria-label=\"Contact form\" novalidate=\"novalidate\" data-status=\"init\">\n<div style=\"display: none;\">\n<input type=\"hidden\" name=\"_wpcf7\" value=\"624\" \/>\n<input type=\"hidden\" name=\"_wpcf7_version\" value=\"5.8.1\" \/>\n<input type=\"hidden\" name=\"_wpcf7_locale\" value=\"fr_FR\" \/>\n<input type=\"hidden\" name=\"_wpcf7_unit_tag\" value=\"wpcf7-f624-o1\" \/>\n<input type=\"hidden\" name=\"_wpcf7_container_post\" value=\"0\" \/>\n<input type=\"hidden\" name=\"_wpcf7_posted_data_hash\" value=\"\" \/>\n<input type=\"hidden\" name=\"_wpcf7_recaptcha_response\" value=\"\" \/>\n<\/div>\n<div class=\"row pb-3\">\n\t<h2 class=\"titre text-center\">Vous souhaitez nous contacter?\n\t<\/h2>\n\t<div class=\"col-md-6 col-12 mb-2\">\n\t\t<p><span class=\"wpcf7-form-control-wrap\" data-name=\"your-name\"><input size=\"40\" class=\"wpcf7-form-control wpcf7-text wpcf7-validates-as-required form-control\" aria-required=\"true\" aria-invalid=\"false\" placeholder=\"Nom*\" value=\"\" type=\"text\" name=\"your-name\" \/><\/span>\n\t\t<\/p>\n\t<\/div>\n\t<div class=\"col-md-6 col-12 mb-2\">\n\t\t<p><span class=\"wpcf7-form-control-wrap\" data-name=\"prenom\"><input size=\"40\" class=\"wpcf7-form-control wpcf7-text wpcf7-validates-as-required form-control\" aria-required=\"true\" aria-invalid=\"false\" placeholder=\"Pr\u00e9nom*\" value=\"\" type=\"text\" name=\"prenom\" \/><\/span>\n\t\t<\/p>\n\t<\/div>\n<\/div>\n<div class=\"row pb-3\">\n\t<div class=\"col-md-6 col-12 mb-2\">\n\t\t<p><span class=\"wpcf7-form-control-wrap\" data-name=\"menu-406\"><select class=\"wpcf7-form-control wpcf7-select wpcf7-validates-as-required form-control\" aria-required=\"true\" aria-invalid=\"false\" name=\"menu-406\"><option value=\"\">Vous \u00eates *<\/option><option value=\"Un candidat\">Un candidat<\/option><option value=\"Une entreprise\">Une entreprise<\/option><\/select><\/span>\n\t\t<\/p>\n\t<\/div>\n\t<div class=\"col-md-6 col-12 mb-2\">\n\t\t<p><span class=\"wpcf7-form-control-wrap\" data-name=\"your-email\"><input size=\"40\" class=\"wpcf7-form-control wpcf7-email wpcf7-validates-as-required wpcf7-text wpcf7-validates-as-email form-control\" aria-required=\"true\" aria-invalid=\"false\" placeholder=\"Email*\" value=\"\" type=\"email\" name=\"your-email\" \/><\/span>\n\t\t<\/p>\n\t<\/div>\n<\/div>\n<div class=\"row pb-3\">\n\t<div class=\"col-auto\">\n\t\t<p><span class=\"wpcf7-form-control-wrap\" data-name=\"menu-407\"><select class=\"wpcf7-form-control wpcf7-select wpcf7-validates-as-required form-control\" aria-required=\"true\" aria-invalid=\"false\" name=\"menu-407\"><option value=\"\">Localisation ? *<\/option><option value=\"Aix-en-Provence\">Aix-en-Provence<\/option><option value=\"Bucarest\">Bucarest<\/option><option value=\"Madrid\">Madrid<\/option><option value=\"Lille\">Lille<\/option><option value=\"Lisbonne\">Lisbonne<\/option><option value=\"Luxembourg\">Luxembourg<\/option><option value=\"New-York\">New-York<\/option><option value=\"Paris\">Paris<\/option><option value=\"Porto\">Porto<\/option><option value=\"Autres\">Autres<\/option><\/select><\/span>\n\t\t<\/p>\n\t<\/div>\n<\/div>\n<div class=\"row\">\n\t<p><span class=\"wpcf7-form-control-wrap\" data-name=\"your-message\"><textarea cols=\"40\" rows=\"10\" class=\"wpcf7-form-control wpcf7-textarea wpcf7-validates-as-required form-control\" aria-required=\"true\" aria-invalid=\"false\" placeholder=\"Votre message*\" name=\"your-message\"><\/textarea><\/span>\n\t<\/p>\n\t<p><span class=\"wpcf7-form-control-wrap\" data-name=\"acceptance-273\"><span class=\"wpcf7-form-control wpcf7-acceptance\"><span class=\"wpcf7-list-item\"><label><input type=\"checkbox\" name=\"acceptance-273\" value=\"1\" aria-invalid=\"false\" \/><span class=\"wpcf7-list-item-label\">En cochant cette case, vous d\u00e9clarez avoir lu et accept\u00e9 la <a href=\"\/politique-de-confidentialite\/\">politique de confidentialit\u00e9<\/a> de HN Services*<\/span><\/label><\/span><\/span><\/span>\n\t<\/p>\n\t<div class=\"text-center\">\n\t\t<p><input class=\"wpcf7-form-control wpcf7-submit has-spinner\" type=\"submit\" value=\"J&#039;envoie !\" \/>\n\t\t<\/p>\n\t<\/div>\n<\/div><div class=\"wpcf7-response-output\" aria-hidden=\"true\"><\/div>\n<\/form>\n<\/div>\n<\/div>\n","protected":false},"excerpt":{"rendered":"","protected":false},"author":1,"featured_media":940,"parent":0,"menu_order":11,"comment_status":"closed","ping_status":"closed","template":"template-page-implantations.php","meta":{"footnotes":""},"yoast_head":"<!-- This site is optimized with the Yoast SEO plugin v21.4 - https:\/\/yoast.com\/wordpress\/plugins\/seo\/ -->\n<title>Nos implantations - HN Services<\/title>\n<meta name=\"description\" content=\"HN Services est pr\u00e9sent dans 6 pays et compte 9 implantations qui accueillent ses 1200 collaborateurs, tous passionn\u00e9s et impliqu\u00e9s. Visitez nos agences !\" \/>\n<meta name=\"robots\" content=\"index, follow, max-snippet:-1, max-image-preview:large, max-video-preview:-1\" \/>\n<link rel=\"canonical\" href=\"https:\/\/www.hn-services.com\/fr\/nos-implantations\/\" \/>\n<meta property=\"og:locale\" content=\"fr_FR\" \/>\n<meta property=\"og:type\" content=\"article\" \/>\n<meta property=\"og:title\" content=\"Nos implantations - HN Services\" \/>\n<meta property=\"og:description\" content=\"HN Services est pr\u00e9sent dans 6 pays et compte 9 implantations qui accueillent ses 1200 collaborateurs, tous passionn\u00e9s et impliqu\u00e9s. Visitez nos agences !\" \/>\n<meta property=\"og:url\" content=\"https:\/\/www.hn-services.com\/fr\/nos-implantations\/\" \/>\n<meta property=\"og:site_name\" content=\"HN Services\" \/>\n<meta property=\"article:modified_time\" content=\"2021-10-25T13:55:34+00:00\" \/>\n<meta property=\"og:image\" content=\"https:\/\/www.hn-services.com\/wp-content\/uploads\/2021\/09\/HN-Paris-scaled.jpg\" \/>\n\t<meta property=\"og:image:width\" content=\"2560\" \/>\n\t<meta property=\"og:image:height\" content=\"1707\" \/>\n\t<meta property=\"og:image:type\" content=\"image\/jpeg\" \/>\n<meta name=\"twitter:card\" content=\"summary_large_image\" \/>\n<meta name=\"twitter:title\" content=\"Nos implantations - HN Services\" \/>\n<meta name=\"twitter:description\" content=\"HN Services est pr\u00e9sent dans 6 pays et compte 9 implantations qui accueillent ses 1200 collaborateurs, tous passionn\u00e9s et impliqu\u00e9s. Visitez nos agences !\" \/>\n<meta name=\"twitter:image\" content=\"https:\/\/www.hn-services.com\/wp-content\/uploads\/2021\/09\/HN-Paris-scaled.jpg\" \/>\n<meta name=\"twitter:label1\" content=\"Dur\u00e9e de lecture estim\u00e9e\" \/>\n\t<meta name=\"twitter:data1\" content=\"1 minute\" \/>\n<script type=\"application\/ld+json\" class=\"yoast-schema-graph\">{\"@context\":\"https:\/\/schema.org\",\"@graph\":[{\"@type\":\"WebPage\",\"@id\":\"https:\/\/www.hn-services.com\/fr\/nos-implantations\/\",\"url\":\"https:\/\/www.hn-services.com\/fr\/nos-implantations\/\",\"name\":\"Nos implantations - HN Services\",\"isPartOf\":{\"@id\":\"https:\/\/www.hn-services.com\/fr\/#website\"},\"datePublished\":\"2021-09-02T09:21:54+00:00\",\"dateModified\":\"2021-10-25T13:55:34+00:00\",\"description\":\"HN Services est pr\u00e9sent dans 6 pays et compte 9 implantations qui accueillent ses 1200 collaborateurs, tous passionn\u00e9s et impliqu\u00e9s. Visitez nos agences !\",\"breadcrumb\":{\"@id\":\"https:\/\/www.hn-services.com\/fr\/nos-implantations\/#breadcrumb\"},\"inLanguage\":\"fr-FR\",\"potentialAction\":[{\"@type\":\"ReadAction\",\"target\":[\"https:\/\/www.hn-services.com\/fr\/nos-implantations\/\"]}]},{\"@type\":\"BreadcrumbList\",\"@id\":\"https:\/\/www.hn-services.com\/fr\/nos-implantations\/#breadcrumb\",\"itemListElement\":[{\"@type\":\"ListItem\",\"position\":1,\"name\":\"Accueil\",\"item\":\"https:\/\/www.hn-services.com\/fr\/\"},{\"@type\":\"ListItem\",\"position\":2,\"name\":\"Nos implantations\"}]},{\"@type\":\"WebSite\",\"@id\":\"https:\/\/www.hn-services.com\/fr\/#website\",\"url\":\"https:\/\/www.hn-services.com\/fr\/\",\"name\":\"HN Services\",\"description\":\"Entreprise de Services du Num\u00e9rique, accompagne ses clients dans leur transformation digitale\",\"publisher\":{\"@id\":\"https:\/\/www.hn-services.com\/fr\/#organization\"},\"potentialAction\":[{\"@type\":\"SearchAction\",\"target\":{\"@type\":\"EntryPoint\",\"urlTemplate\":\"https:\/\/www.hn-services.com\/fr\/?s={search_term_string}\"},\"query-input\":\"required name=search_term_string\"}],\"inLanguage\":\"fr-FR\"},{\"@type\":\"Organization\",\"@id\":\"https:\/\/www.hn-services.com\/fr\/#organization\",\"name\":\"HN Services\",\"url\":\"https:\/\/www.hn-services.com\/fr\/\",\"logo\":{\"@type\":\"ImageObject\",\"inLanguage\":\"fr-FR\",\"@id\":\"https:\/\/www.hn-services.com\/fr\/#\/schema\/logo\/image\/\",\"url\":\"https:\/\/www.hn-services.com\/wp-content\/uploads\/2021\/08\/Logo-HN-Services-Degrade.png\",\"contentUrl\":\"https:\/\/www.hn-services.com\/wp-content\/uploads\/2021\/08\/Logo-HN-Services-Degrade.png\",\"width\":149,\"height\":66,\"caption\":\"HN Services\"},\"image\":{\"@id\":\"https:\/\/www.hn-services.com\/fr\/#\/schema\/logo\/image\/\"}}]}<\/script>\n<!-- \/ Yoast SEO plugin. -->","yoast_head_json":{"title":"Nos implantations - HN Services","description":"HN Services est pr\u00e9sent dans 6 pays et compte 9 implantations qui accueillent ses 1200 collaborateurs, tous passionn\u00e9s et impliqu\u00e9s. Visitez nos agences !","robots":{"index":"index","follow":"follow","max-snippet":"max-snippet:-1","max-image-preview":"max-image-preview:large","max-video-preview":"max-video-preview:-1"},"canonical":"https:\/\/www.hn-services.com\/fr\/nos-implantations\/","og_locale":"fr_FR","og_type":"article","og_title":"Nos implantations - HN Services","og_description":"HN Services est pr\u00e9sent dans 6 pays et compte 9 implantations qui accueillent ses 1200 collaborateurs, tous passionn\u00e9s et impliqu\u00e9s. Visitez nos agences !","og_url":"https:\/\/www.hn-services.com\/fr\/nos-implantations\/","og_site_name":"HN Services","article_modified_time":"2021-10-25T13:55:34+00:00","og_image":[{"width":2560,"height":1707,"url":"https:\/\/www.hn-services.com\/wp-content\/uploads\/2021\/09\/HN-Paris-scaled.jpg","type":"image\/jpeg"}],"twitter_card":"summary_large_image","twitter_title":"Nos implantations - HN Services","twitter_description":"HN Services est pr\u00e9sent dans 6 pays et compte 9 implantations qui accueillent ses 1200 collaborateurs, tous passionn\u00e9s et impliqu\u00e9s. Visitez nos agences !","twitter_image":"https:\/\/www.hn-services.com\/wp-content\/uploads\/2021\/09\/HN-Paris-scaled.jpg","twitter_misc":{"Dur\u00e9e de lecture estim\u00e9e":"1 minute"},"schema":{"@context":"https:\/\/schema.org","@graph":[{"@type":"WebPage","@id":"https:\/\/www.hn-services.com\/fr\/nos-implantations\/","url":"https:\/\/www.hn-services.com\/fr\/nos-implantations\/","name":"Nos implantations - HN Services","isPartOf":{"@id":"https:\/\/www.hn-services.com\/fr\/#website"},"datePublished":"2021-09-02T09:21:54+00:00","dateModified":"2021-10-25T13:55:34+00:00","description":"HN Services est pr\u00e9sent dans 6 pays et compte 9 implantations qui accueillent ses 1200 collaborateurs, tous passionn\u00e9s et impliqu\u00e9s. Visitez nos agences !","breadcrumb":{"@id":"https:\/\/www.hn-services.com\/fr\/nos-implantations\/#breadcrumb"},"inLanguage":"fr-FR","potentialAction":[{"@type":"ReadAction","target":["https:\/\/www.hn-services.com\/fr\/nos-implantations\/"]}]},{"@type":"BreadcrumbList","@id":"https:\/\/www.hn-services.com\/fr\/nos-implantations\/#breadcrumb","itemListElement":[{"@type":"ListItem","position":1,"name":"Accueil","item":"https:\/\/www.hn-services.com\/fr\/"},{"@type":"ListItem","position":2,"name":"Nos implantations"}]},{"@type":"WebSite","@id":"https:\/\/www.hn-services.com\/fr\/#website","url":"https:\/\/www.hn-services.com\/fr\/","name":"HN Services","description":"Entreprise de Services du Num\u00e9rique, accompagne ses clients dans leur transformation digitale","publisher":{"@id":"https:\/\/www.hn-services.com\/fr\/#organization"},"potentialAction":[{"@type":"SearchAction","target":{"@type":"EntryPoint","urlTemplate":"https:\/\/www.hn-services.com\/fr\/?s={search_term_string}"},"query-input":"required name=search_term_string"}],"inLanguage":"fr-FR"},{"@type":"Organization","@id":"https:\/\/www.hn-services.com\/fr\/#organization","name":"HN Services","url":"https:\/\/www.hn-services.com\/fr\/","logo":{"@type":"ImageObject","inLanguage":"fr-FR","@id":"https:\/\/www.hn-services.com\/fr\/#\/schema\/logo\/image\/","url":"https:\/\/www.hn-services.com\/wp-content\/uploads\/2021\/08\/Logo-HN-Services-Degrade.png","contentUrl":"https:\/\/www.hn-services.com\/wp-content\/uploads\/2021\/08\/Logo-HN-Services-Degrade.png","width":149,"height":66,"caption":"HN Services"},"image":{"@id":"https:\/\/www.hn-services.com\/fr\/#\/schema\/logo\/image\/"}}]}},"_links":{"self":[{"href":"https:\/\/www.hn-services.com\/fr\/wp-json\/wp\/v2\/pages\/587"}],"collection":[{"href":"https:\/\/www.hn-services.com\/fr\/wp-json\/wp\/v2\/pages"}],"about":[{"href":"https:\/\/www.hn-services.com\/fr\/wp-json\/wp\/v2\/types\/page"}],"author":[{"embeddable":true,"href":"https:\/\/www.hn-services.com\/fr\/wp-json\/wp\/v2\/users\/1"}],"replies":[{"embeddable":true,"href":"https:\/\/www.hn-services.com\/fr\/wp-json\/wp\/v2\/comments?post=587"}],"version-history":[{"count":12,"href":"https:\/\/www.hn-services.com\/fr\/wp-json\/wp\/v2\/pages\/587\/revisions"}],"predecessor-version":[{"id":1182,"href":"https:\/\/www.hn-services.com\/fr\/wp-json\/wp\/v2\/pages\/587\/revisions\/1182"}],"wp:featuredmedia":[{"embeddable":true,"href":"https:\/\/www.hn-services.com\/fr\/wp-json\/wp\/v2\/media\/940"}],"wp:attachment":[{"href":"https:\/\/www.hn-services.com\/fr\/wp-json\/wp\/v2\/media?parent=587"}],"curies":[{"name":"wp","href":"https:\/\/api.w.org\/{rel}","templated":true}]}}