{"id":27,"date":"2021-07-30T18:29:19","date_gmt":"2021-07-30T16:29:19","guid":{"rendered":"https:\/\/www.hn-services.com\/?page_id=27"},"modified":"2026-03-09T10:18:17","modified_gmt":"2026-03-09T09:18:17","slug":"nos-formations","status":"publish","type":"page","link":"https:\/\/www.hn-services.com\/fr\/nos-formations\/","title":{"rendered":"HN Institut, centre de formation"},"content":{"rendered":"","protected":false},"excerpt":{"rendered":"","protected":false},"author":1,"featured_media":373,"parent":0,"menu_order":17,"comment_status":"closed","ping_status":"closed","template":"template-page-formations.php","meta":{"footnotes":""},"class_list":["post-27","page","type-page","status-publish","has-post-thumbnail","hentry"],"yoast_head":"<!-- This site is optimized with the Yoast SEO plugin v27.4 - https:\/\/yoast.com\/product\/yoast-seo-wordpress\/ -->\n<title>HN Institut, centre de formation - HN Services<\/title>\n<meta name=\"description\" content=\"Ce centre de formation internalis\u00e9 a permis \u00e0 plus de 7000 jeunes dipl\u00f4m\u00e9s de d\u00e9couvrir les m\u00e9tiers de d\u00e9veloppeurs et \u00e0 d\u2019autres d\u2019apprendre les rouages de la production. D\u00e9couvrir les formations !\" \/>\n<meta name=\"robots\" content=\"index, follow, max-snippet:-1, max-image-preview:large, max-video-preview:-1\" \/>\n<link rel=\"canonical\" href=\"https:\/\/www.hn-services.com\/fr\/nos-formations\/\" \/>\n<meta property=\"og:locale\" content=\"fr_FR\" \/>\n<meta property=\"og:type\" content=\"article\" \/>\n<meta property=\"og:title\" content=\"HN Institut, centre de formation - HN Services\" \/>\n<meta property=\"og:description\" content=\"Ce centre de formation internalis\u00e9 a permis \u00e0 plus de 7000 jeunes dipl\u00f4m\u00e9s de d\u00e9couvrir les m\u00e9tiers de d\u00e9veloppeurs et \u00e0 d\u2019autres d\u2019apprendre les rouages de la production. D\u00e9couvrir les formations !\" \/>\n<meta property=\"og:url\" content=\"https:\/\/www.hn-services.com\/fr\/nos-formations\/\" \/>\n<meta property=\"og:site_name\" content=\"HN Services\" \/>\n<meta property=\"article:modified_time\" content=\"2026-03-09T09:18:17+00:00\" \/>\n<meta property=\"og:image\" content=\"https:\/\/www.hn-services.com\/wp-content\/uploads\/2021\/08\/video-page-formations.png\" \/>\n\t<meta property=\"og:image:width\" content=\"1276\" \/>\n\t<meta property=\"og:image:height\" content=\"666\" \/>\n\t<meta property=\"og:image:type\" content=\"image\/png\" \/>\n<meta name=\"twitter:card\" content=\"summary_large_image\" \/>\n<meta name=\"twitter:title\" content=\"HN Institut, centre de formation - HN Services\" \/>\n<meta name=\"twitter:description\" content=\"Ce centre de formation internalis\u00e9 a permis \u00e0 plus de 7000 jeunes dipl\u00f4m\u00e9s de d\u00e9couvrir les m\u00e9tiers de d\u00e9veloppeurs et \u00e0 d\u2019autres d\u2019apprendre les rouages de la production. D\u00e9couvrir les formations !\" \/>\n<meta name=\"twitter:image\" content=\"https:\/\/www.hn-services.com\/wp-content\/uploads\/2021\/08\/video-page-formations.png\" \/>\n<script type=\"application\/ld+json\" class=\"yoast-schema-graph\">{\"@context\":\"https:\\\/\\\/schema.org\",\"@graph\":[{\"@type\":\"WebPage\",\"@id\":\"https:\\\/\\\/www.hn-services.com\\\/fr\\\/nos-formations\\\/\",\"url\":\"https:\\\/\\\/www.hn-services.com\\\/fr\\\/nos-formations\\\/\",\"name\":\"HN Institut, centre de formation - HN Services\",\"isPartOf\":{\"@id\":\"https:\\\/\\\/www.hn-services.com\\\/fr\\\/#website\"},\"primaryImageOfPage\":{\"@id\":\"https:\\\/\\\/www.hn-services.com\\\/fr\\\/nos-formations\\\/#primaryimage\"},\"image\":{\"@id\":\"https:\\\/\\\/www.hn-services.com\\\/fr\\\/nos-formations\\\/#primaryimage\"},\"thumbnailUrl\":\"https:\\\/\\\/www.hn-services.com\\\/wp-content\\\/uploads\\\/2021\\\/08\\\/video-page-formations.png\",\"datePublished\":\"2021-07-30T16:29:19+00:00\",\"dateModified\":\"2026-03-09T09:18:17+00:00\",\"description\":\"Ce centre de formation internalis\u00e9 a permis \u00e0 plus de 7000 jeunes dipl\u00f4m\u00e9s de d\u00e9couvrir les m\u00e9tiers de d\u00e9veloppeurs et \u00e0 d\u2019autres d\u2019apprendre les rouages de la production. D\u00e9couvrir les formations !\",\"breadcrumb\":{\"@id\":\"https:\\\/\\\/www.hn-services.com\\\/fr\\\/nos-formations\\\/#breadcrumb\"},\"inLanguage\":\"fr-FR\",\"potentialAction\":[{\"@type\":\"ReadAction\",\"target\":[\"https:\\\/\\\/www.hn-services.com\\\/fr\\\/nos-formations\\\/\"]}]},{\"@type\":\"ImageObject\",\"inLanguage\":\"fr-FR\",\"@id\":\"https:\\\/\\\/www.hn-services.com\\\/fr\\\/nos-formations\\\/#primaryimage\",\"url\":\"https:\\\/\\\/www.hn-services.com\\\/wp-content\\\/uploads\\\/2021\\\/08\\\/video-page-formations.png\",\"contentUrl\":\"https:\\\/\\\/www.hn-services.com\\\/wp-content\\\/uploads\\\/2021\\\/08\\\/video-page-formations.png\",\"width\":1276,\"height\":666,\"caption\":\"Lancer la vid\u00e9o de pr\u00e9sentation des formations HN Services\"},{\"@type\":\"BreadcrumbList\",\"@id\":\"https:\\\/\\\/www.hn-services.com\\\/fr\\\/nos-formations\\\/#breadcrumb\",\"itemListElement\":[{\"@type\":\"ListItem\",\"position\":1,\"name\":\"Accueil\",\"item\":\"https:\\\/\\\/www.hn-services.com\\\/fr\\\/\"},{\"@type\":\"ListItem\",\"position\":2,\"name\":\"Formations\"}]},{\"@type\":\"WebSite\",\"@id\":\"https:\\\/\\\/www.hn-services.com\\\/fr\\\/#website\",\"url\":\"https:\\\/\\\/www.hn-services.com\\\/fr\\\/\",\"name\":\"HN Services\",\"description\":\"Entreprise de Services du Num\u00e9rique, accompagne ses clients dans leur transformation digitale\",\"publisher\":{\"@id\":\"https:\\\/\\\/www.hn-services.com\\\/fr\\\/#organization\"},\"potentialAction\":[{\"@type\":\"SearchAction\",\"target\":{\"@type\":\"EntryPoint\",\"urlTemplate\":\"https:\\\/\\\/www.hn-services.com\\\/fr\\\/?s={search_term_string}\"},\"query-input\":{\"@type\":\"PropertyValueSpecification\",\"valueRequired\":true,\"valueName\":\"search_term_string\"}}],\"inLanguage\":\"fr-FR\"},{\"@type\":\"Organization\",\"@id\":\"https:\\\/\\\/www.hn-services.com\\\/fr\\\/#organization\",\"name\":\"HN Services\",\"url\":\"https:\\\/\\\/www.hn-services.com\\\/fr\\\/\",\"logo\":{\"@type\":\"ImageObject\",\"inLanguage\":\"fr-FR\",\"@id\":\"https:\\\/\\\/www.hn-services.com\\\/fr\\\/#\\\/schema\\\/logo\\\/image\\\/\",\"url\":\"https:\\\/\\\/www.hn-services.com\\\/wp-content\\\/uploads\\\/2021\\\/08\\\/Logo-HN-Services-Degrade.png\",\"contentUrl\":\"https:\\\/\\\/www.hn-services.com\\\/wp-content\\\/uploads\\\/2021\\\/08\\\/Logo-HN-Services-Degrade.png\",\"width\":149,\"height\":66,\"caption\":\"HN Services\"},\"image\":{\"@id\":\"https:\\\/\\\/www.hn-services.com\\\/fr\\\/#\\\/schema\\\/logo\\\/image\\\/\"}}]}<\/script>\n<!-- \/ Yoast SEO plugin. -->","yoast_head_json":{"title":"HN Institut, centre de formation - HN Services","description":"Ce centre de formation internalis\u00e9 a permis \u00e0 plus de 7000 jeunes dipl\u00f4m\u00e9s de d\u00e9couvrir les m\u00e9tiers de d\u00e9veloppeurs et \u00e0 d\u2019autres d\u2019apprendre les rouages de la production. D\u00e9couvrir les formations !","robots":{"index":"index","follow":"follow","max-snippet":"max-snippet:-1","max-image-preview":"max-image-preview:large","max-video-preview":"max-video-preview:-1"},"canonical":"https:\/\/www.hn-services.com\/fr\/nos-formations\/","og_locale":"fr_FR","og_type":"article","og_title":"HN Institut, centre de formation - HN Services","og_description":"Ce centre de formation internalis\u00e9 a permis \u00e0 plus de 7000 jeunes dipl\u00f4m\u00e9s de d\u00e9couvrir les m\u00e9tiers de d\u00e9veloppeurs et \u00e0 d\u2019autres d\u2019apprendre les rouages de la production. D\u00e9couvrir les formations !","og_url":"https:\/\/www.hn-services.com\/fr\/nos-formations\/","og_site_name":"HN Services","article_modified_time":"2026-03-09T09:18:17+00:00","og_image":[{"width":1276,"height":666,"url":"https:\/\/www.hn-services.com\/wp-content\/uploads\/2021\/08\/video-page-formations.png","type":"image\/png"}],"twitter_card":"summary_large_image","twitter_title":"HN Institut, centre de formation - HN Services","twitter_description":"Ce centre de formation internalis\u00e9 a permis \u00e0 plus de 7000 jeunes dipl\u00f4m\u00e9s de d\u00e9couvrir les m\u00e9tiers de d\u00e9veloppeurs et \u00e0 d\u2019autres d\u2019apprendre les rouages de la production. D\u00e9couvrir les formations !","twitter_image":"https:\/\/www.hn-services.com\/wp-content\/uploads\/2021\/08\/video-page-formations.png","schema":{"@context":"https:\/\/schema.org","@graph":[{"@type":"WebPage","@id":"https:\/\/www.hn-services.com\/fr\/nos-formations\/","url":"https:\/\/www.hn-services.com\/fr\/nos-formations\/","name":"HN Institut, centre de formation - HN Services","isPartOf":{"@id":"https:\/\/www.hn-services.com\/fr\/#website"},"primaryImageOfPage":{"@id":"https:\/\/www.hn-services.com\/fr\/nos-formations\/#primaryimage"},"image":{"@id":"https:\/\/www.hn-services.com\/fr\/nos-formations\/#primaryimage"},"thumbnailUrl":"https:\/\/www.hn-services.com\/wp-content\/uploads\/2021\/08\/video-page-formations.png","datePublished":"2021-07-30T16:29:19+00:00","dateModified":"2026-03-09T09:18:17+00:00","description":"Ce centre de formation internalis\u00e9 a permis \u00e0 plus de 7000 jeunes dipl\u00f4m\u00e9s de d\u00e9couvrir les m\u00e9tiers de d\u00e9veloppeurs et \u00e0 d\u2019autres d\u2019apprendre les rouages de la production. D\u00e9couvrir les formations !","breadcrumb":{"@id":"https:\/\/www.hn-services.com\/fr\/nos-formations\/#breadcrumb"},"inLanguage":"fr-FR","potentialAction":[{"@type":"ReadAction","target":["https:\/\/www.hn-services.com\/fr\/nos-formations\/"]}]},{"@type":"ImageObject","inLanguage":"fr-FR","@id":"https:\/\/www.hn-services.com\/fr\/nos-formations\/#primaryimage","url":"https:\/\/www.hn-services.com\/wp-content\/uploads\/2021\/08\/video-page-formations.png","contentUrl":"https:\/\/www.hn-services.com\/wp-content\/uploads\/2021\/08\/video-page-formations.png","width":1276,"height":666,"caption":"Lancer la vid\u00e9o de pr\u00e9sentation des formations HN Services"},{"@type":"BreadcrumbList","@id":"https:\/\/www.hn-services.com\/fr\/nos-formations\/#breadcrumb","itemListElement":[{"@type":"ListItem","position":1,"name":"Accueil","item":"https:\/\/www.hn-services.com\/fr\/"},{"@type":"ListItem","position":2,"name":"Formations"}]},{"@type":"WebSite","@id":"https:\/\/www.hn-services.com\/fr\/#website","url":"https:\/\/www.hn-services.com\/fr\/","name":"HN Services","description":"Entreprise de Services du Num\u00e9rique, accompagne ses clients dans leur transformation digitale","publisher":{"@id":"https:\/\/www.hn-services.com\/fr\/#organization"},"potentialAction":[{"@type":"SearchAction","target":{"@type":"EntryPoint","urlTemplate":"https:\/\/www.hn-services.com\/fr\/?s={search_term_string}"},"query-input":{"@type":"PropertyValueSpecification","valueRequired":true,"valueName":"search_term_string"}}],"inLanguage":"fr-FR"},{"@type":"Organization","@id":"https:\/\/www.hn-services.com\/fr\/#organization","name":"HN Services","url":"https:\/\/www.hn-services.com\/fr\/","logo":{"@type":"ImageObject","inLanguage":"fr-FR","@id":"https:\/\/www.hn-services.com\/fr\/#\/schema\/logo\/image\/","url":"https:\/\/www.hn-services.com\/wp-content\/uploads\/2021\/08\/Logo-HN-Services-Degrade.png","contentUrl":"https:\/\/www.hn-services.com\/wp-content\/uploads\/2021\/08\/Logo-HN-Services-Degrade.png","width":149,"height":66,"caption":"HN Services"},"image":{"@id":"https:\/\/www.hn-services.com\/fr\/#\/schema\/logo\/image\/"}}]}},"_links":{"self":[{"href":"https:\/\/www.hn-services.com\/fr\/wp-json\/wp\/v2\/pages\/27","targetHints":{"allow":["GET"]}}],"collection":[{"href":"https:\/\/www.hn-services.com\/fr\/wp-json\/wp\/v2\/pages"}],"about":[{"href":"https:\/\/www.hn-services.com\/fr\/wp-json\/wp\/v2\/types\/page"}],"author":[{"embeddable":true,"href":"https:\/\/www.hn-services.com\/fr\/wp-json\/wp\/v2\/users\/1"}],"replies":[{"embeddable":true,"href":"https:\/\/www.hn-services.com\/fr\/wp-json\/wp\/v2\/comments?post=27"}],"version-history":[{"count":62,"href":"https:\/\/www.hn-services.com\/fr\/wp-json\/wp\/v2\/pages\/27\/revisions"}],"predecessor-version":[{"id":5921,"href":"https:\/\/www.hn-services.com\/fr\/wp-json\/wp\/v2\/pages\/27\/revisions\/5921"}],"wp:featuredmedia":[{"embeddable":true,"href":"https:\/\/www.hn-services.com\/fr\/wp-json\/wp\/v2\/media\/373"}],"wp:attachment":[{"href":"https:\/\/www.hn-services.com\/fr\/wp-json\/wp\/v2\/media?parent=27"}],"curies":[{"name":"wp","href":"https:\/\/api.w.org\/{rel}","templated":true}]}}