{"id":214,"date":"2021-08-20T15:05:18","date_gmt":"2021-08-20T13:05:18","guid":{"rendered":"https:\/\/www.hn-services.com\/?page_id=214"},"modified":"2026-04-08T15:35:45","modified_gmt":"2026-04-08T13:35:45","slug":"qui-sommes-nous","status":"publish","type":"page","link":"https:\/\/www.hn-services.com\/fr\/qui-sommes-nous\/","title":{"rendered":"Qui sommes-nous ?"},"content":{"rendered":"","protected":false},"excerpt":{"rendered":"","protected":false},"author":1,"featured_media":0,"parent":0,"menu_order":13,"comment_status":"closed","ping_status":"closed","template":"template-qui-sommes-nous.php","meta":{"footnotes":""},"class_list":["post-214","page","type-page","status-publish","hentry"],"yoast_head":"<!-- This site is optimized with the Yoast SEO plugin v27.4 - https:\/\/yoast.com\/product\/yoast-seo-wordpress\/ -->\n<title>Qui sommes-nous ? - HN Services<\/title>\n<meta name=\"description\" content=\"HN Services est une entreprise fond\u00e9e en 1983 par Michel Hochberg. Depuis 2015, Antoine Hennache a repris les r\u00eanes de l\u2019entreprise, en devenant Directeur G\u00e9n\u00e9ral. D\u00e9couvrez toute l\u2019\u00e9quipe HN Services\u202f!\" \/>\n<meta name=\"robots\" content=\"index, follow, max-snippet:-1, max-image-preview:large, max-video-preview:-1\" \/>\n<link rel=\"canonical\" href=\"https:\/\/www.hn-services.com\/fr\/qui-sommes-nous\/\" \/>\n<meta property=\"og:locale\" content=\"fr_FR\" \/>\n<meta property=\"og:type\" content=\"article\" \/>\n<meta property=\"og:title\" content=\"Qui sommes-nous ? - HN Services\" \/>\n<meta property=\"og:description\" content=\"HN Services est une entreprise fond\u00e9e en 1983 par Michel Hochberg. Depuis 2015, Antoine Hennache a repris les r\u00eanes de l\u2019entreprise, en devenant Directeur G\u00e9n\u00e9ral. D\u00e9couvrez toute l\u2019\u00e9quipe HN Services\u202f!\" \/>\n<meta property=\"og:url\" content=\"https:\/\/www.hn-services.com\/fr\/qui-sommes-nous\/\" \/>\n<meta property=\"og:site_name\" content=\"HN Services\" \/>\n<meta property=\"article:modified_time\" content=\"2026-04-08T13:35:45+00:00\" \/>\n<meta property=\"og:image\" content=\"https:\/\/www.hn-services.com\/wp-content\/uploads\/2021\/09\/HN-Paris-scaled.jpg\" \/>\n\t<meta property=\"og:image:width\" content=\"2560\" \/>\n\t<meta property=\"og:image:height\" content=\"1707\" \/>\n\t<meta property=\"og:image:type\" content=\"image\/jpeg\" \/>\n<meta name=\"twitter:card\" content=\"summary_large_image\" \/>\n<meta name=\"twitter:title\" content=\"Qui sommes-nous ? - HN Services\" \/>\n<meta name=\"twitter:description\" content=\"HN Services est une entreprise fond\u00e9e en 1983 par Michel Hochberg. Depuis 2015, Antoine Hennache a repris les r\u00eanes de l\u2019entreprise, en devenant Directeur G\u00e9n\u00e9ral. D\u00e9couvrez toute l\u2019\u00e9quipe HN Services\u202f!\" \/>\n<meta name=\"twitter:image\" content=\"https:\/\/www.hn-services.com\/wp-content\/uploads\/2021\/09\/HN-Paris-scaled.jpg\" \/>\n<script type=\"application\/ld+json\" class=\"yoast-schema-graph\">{\"@context\":\"https:\\\/\\\/schema.org\",\"@graph\":[{\"@type\":\"WebPage\",\"@id\":\"https:\\\/\\\/www.hn-services.com\\\/fr\\\/qui-sommes-nous\\\/\",\"url\":\"https:\\\/\\\/www.hn-services.com\\\/fr\\\/qui-sommes-nous\\\/\",\"name\":\"Qui sommes-nous ? - HN Services\",\"isPartOf\":{\"@id\":\"https:\\\/\\\/www.hn-services.com\\\/fr\\\/#website\"},\"datePublished\":\"2021-08-20T13:05:18+00:00\",\"dateModified\":\"2026-04-08T13:35:45+00:00\",\"description\":\"HN Services est une entreprise fond\u00e9e en 1983 par Michel Hochberg. Depuis 2015, Antoine Hennache a repris les r\u00eanes de l\u2019entreprise, en devenant Directeur G\u00e9n\u00e9ral. D\u00e9couvrez toute l\u2019\u00e9quipe HN Services\u202f!\",\"breadcrumb\":{\"@id\":\"https:\\\/\\\/www.hn-services.com\\\/fr\\\/qui-sommes-nous\\\/#breadcrumb\"},\"inLanguage\":\"fr-FR\",\"potentialAction\":[{\"@type\":\"ReadAction\",\"target\":[\"https:\\\/\\\/www.hn-services.com\\\/fr\\\/qui-sommes-nous\\\/\"]}]},{\"@type\":\"BreadcrumbList\",\"@id\":\"https:\\\/\\\/www.hn-services.com\\\/fr\\\/qui-sommes-nous\\\/#breadcrumb\",\"itemListElement\":[{\"@type\":\"ListItem\",\"position\":1,\"name\":\"Accueil\",\"item\":\"https:\\\/\\\/www.hn-services.com\\\/fr\\\/\"},{\"@type\":\"ListItem\",\"position\":2,\"name\":\"Qui sommes-nous ?\"}]},{\"@type\":\"WebSite\",\"@id\":\"https:\\\/\\\/www.hn-services.com\\\/fr\\\/#website\",\"url\":\"https:\\\/\\\/www.hn-services.com\\\/fr\\\/\",\"name\":\"HN Services\",\"description\":\"Entreprise de Services du Num\u00e9rique, accompagne ses clients dans leur transformation digitale\",\"publisher\":{\"@id\":\"https:\\\/\\\/www.hn-services.com\\\/fr\\\/#organization\"},\"potentialAction\":[{\"@type\":\"SearchAction\",\"target\":{\"@type\":\"EntryPoint\",\"urlTemplate\":\"https:\\\/\\\/www.hn-services.com\\\/fr\\\/?s={search_term_string}\"},\"query-input\":{\"@type\":\"PropertyValueSpecification\",\"valueRequired\":true,\"valueName\":\"search_term_string\"}}],\"inLanguage\":\"fr-FR\"},{\"@type\":\"Organization\",\"@id\":\"https:\\\/\\\/www.hn-services.com\\\/fr\\\/#organization\",\"name\":\"HN Services\",\"url\":\"https:\\\/\\\/www.hn-services.com\\\/fr\\\/\",\"logo\":{\"@type\":\"ImageObject\",\"inLanguage\":\"fr-FR\",\"@id\":\"https:\\\/\\\/www.hn-services.com\\\/fr\\\/#\\\/schema\\\/logo\\\/image\\\/\",\"url\":\"https:\\\/\\\/www.hn-services.com\\\/wp-content\\\/uploads\\\/2021\\\/08\\\/Logo-HN-Services-Degrade.png\",\"contentUrl\":\"https:\\\/\\\/www.hn-services.com\\\/wp-content\\\/uploads\\\/2021\\\/08\\\/Logo-HN-Services-Degrade.png\",\"width\":149,\"height\":66,\"caption\":\"HN Services\"},\"image\":{\"@id\":\"https:\\\/\\\/www.hn-services.com\\\/fr\\\/#\\\/schema\\\/logo\\\/image\\\/\"}}]}<\/script>\n<!-- \/ Yoast SEO plugin. -->","yoast_head_json":{"title":"Qui sommes-nous ? - HN Services","description":"HN Services est une entreprise fond\u00e9e en 1983 par Michel Hochberg. Depuis 2015, Antoine Hennache a repris les r\u00eanes de l\u2019entreprise, en devenant Directeur G\u00e9n\u00e9ral. D\u00e9couvrez toute l\u2019\u00e9quipe HN Services\u202f!","robots":{"index":"index","follow":"follow","max-snippet":"max-snippet:-1","max-image-preview":"max-image-preview:large","max-video-preview":"max-video-preview:-1"},"canonical":"https:\/\/www.hn-services.com\/fr\/qui-sommes-nous\/","og_locale":"fr_FR","og_type":"article","og_title":"Qui sommes-nous ? - HN Services","og_description":"HN Services est une entreprise fond\u00e9e en 1983 par Michel Hochberg. Depuis 2015, Antoine Hennache a repris les r\u00eanes de l\u2019entreprise, en devenant Directeur G\u00e9n\u00e9ral. D\u00e9couvrez toute l\u2019\u00e9quipe HN Services\u202f!","og_url":"https:\/\/www.hn-services.com\/fr\/qui-sommes-nous\/","og_site_name":"HN Services","article_modified_time":"2026-04-08T13:35:45+00:00","og_image":[{"width":2560,"height":1707,"url":"https:\/\/www.hn-services.com\/wp-content\/uploads\/2021\/09\/HN-Paris-scaled.jpg","type":"image\/jpeg"}],"twitter_card":"summary_large_image","twitter_title":"Qui sommes-nous ? - HN Services","twitter_description":"HN Services est une entreprise fond\u00e9e en 1983 par Michel Hochberg. Depuis 2015, Antoine Hennache a repris les r\u00eanes de l\u2019entreprise, en devenant Directeur G\u00e9n\u00e9ral. D\u00e9couvrez toute l\u2019\u00e9quipe HN Services\u202f!","twitter_image":"https:\/\/www.hn-services.com\/wp-content\/uploads\/2021\/09\/HN-Paris-scaled.jpg","schema":{"@context":"https:\/\/schema.org","@graph":[{"@type":"WebPage","@id":"https:\/\/www.hn-services.com\/fr\/qui-sommes-nous\/","url":"https:\/\/www.hn-services.com\/fr\/qui-sommes-nous\/","name":"Qui sommes-nous ? - HN Services","isPartOf":{"@id":"https:\/\/www.hn-services.com\/fr\/#website"},"datePublished":"2021-08-20T13:05:18+00:00","dateModified":"2026-04-08T13:35:45+00:00","description":"HN Services est une entreprise fond\u00e9e en 1983 par Michel Hochberg. Depuis 2015, Antoine Hennache a repris les r\u00eanes de l\u2019entreprise, en devenant Directeur G\u00e9n\u00e9ral. D\u00e9couvrez toute l\u2019\u00e9quipe HN Services\u202f!","breadcrumb":{"@id":"https:\/\/www.hn-services.com\/fr\/qui-sommes-nous\/#breadcrumb"},"inLanguage":"fr-FR","potentialAction":[{"@type":"ReadAction","target":["https:\/\/www.hn-services.com\/fr\/qui-sommes-nous\/"]}]},{"@type":"BreadcrumbList","@id":"https:\/\/www.hn-services.com\/fr\/qui-sommes-nous\/#breadcrumb","itemListElement":[{"@type":"ListItem","position":1,"name":"Accueil","item":"https:\/\/www.hn-services.com\/fr\/"},{"@type":"ListItem","position":2,"name":"Qui sommes-nous ?"}]},{"@type":"WebSite","@id":"https:\/\/www.hn-services.com\/fr\/#website","url":"https:\/\/www.hn-services.com\/fr\/","name":"HN Services","description":"Entreprise de Services du Num\u00e9rique, accompagne ses clients dans leur transformation digitale","publisher":{"@id":"https:\/\/www.hn-services.com\/fr\/#organization"},"potentialAction":[{"@type":"SearchAction","target":{"@type":"EntryPoint","urlTemplate":"https:\/\/www.hn-services.com\/fr\/?s={search_term_string}"},"query-input":{"@type":"PropertyValueSpecification","valueRequired":true,"valueName":"search_term_string"}}],"inLanguage":"fr-FR"},{"@type":"Organization","@id":"https:\/\/www.hn-services.com\/fr\/#organization","name":"HN Services","url":"https:\/\/www.hn-services.com\/fr\/","logo":{"@type":"ImageObject","inLanguage":"fr-FR","@id":"https:\/\/www.hn-services.com\/fr\/#\/schema\/logo\/image\/","url":"https:\/\/www.hn-services.com\/wp-content\/uploads\/2021\/08\/Logo-HN-Services-Degrade.png","contentUrl":"https:\/\/www.hn-services.com\/wp-content\/uploads\/2021\/08\/Logo-HN-Services-Degrade.png","width":149,"height":66,"caption":"HN Services"},"image":{"@id":"https:\/\/www.hn-services.com\/fr\/#\/schema\/logo\/image\/"}}]}},"_links":{"self":[{"href":"https:\/\/www.hn-services.com\/fr\/wp-json\/wp\/v2\/pages\/214","targetHints":{"allow":["GET"]}}],"collection":[{"href":"https:\/\/www.hn-services.com\/fr\/wp-json\/wp\/v2\/pages"}],"about":[{"href":"https:\/\/www.hn-services.com\/fr\/wp-json\/wp\/v2\/types\/page"}],"author":[{"embeddable":true,"href":"https:\/\/www.hn-services.com\/fr\/wp-json\/wp\/v2\/users\/1"}],"replies":[{"embeddable":true,"href":"https:\/\/www.hn-services.com\/fr\/wp-json\/wp\/v2\/comments?post=214"}],"version-history":[{"count":90,"href":"https:\/\/www.hn-services.com\/fr\/wp-json\/wp\/v2\/pages\/214\/revisions"}],"predecessor-version":[{"id":5931,"href":"https:\/\/www.hn-services.com\/fr\/wp-json\/wp\/v2\/pages\/214\/revisions\/5931"}],"wp:attachment":[{"href":"https:\/\/www.hn-services.com\/fr\/wp-json\/wp\/v2\/media?parent=214"}],"curies":[{"name":"wp","href":"https:\/\/api.w.org\/{rel}","templated":true}]}}