{"id":2616,"date":"2021-07-08T11:05:19","date_gmt":"2021-07-08T09:05:19","guid":{"rendered":"https:\/\/www.hn-services.com\/politique-de-confidentialite\/"},"modified":"2021-10-28T11:48:13","modified_gmt":"2021-10-28T09:48:13","slug":"politica-de-privacidad","status":"publish","type":"page","link":"https:\/\/www.hn-services.com\/es\/politica-de-privacidad\/","title":{"rendered":"Pol\u00edtica de Privacidad"},"content":{"rendered":"\n<div class=\"wp-block-group alignwide\"><div class=\"wp-block-group__inner-container is-layout-flow wp-block-group-is-layout-flow\">\n<p> <\/p>\n\n\n\n<p><\/p>\n\n\n\n<p><strong>\u00bfQui\u00e9nes somos?<\/strong>&nbsp;<\/p>\n\n\n\n<p>El enlace a&nbsp;nuestro sitio&nbsp;web&nbsp;es:&nbsp;www.hn-services.com&nbsp;<\/p>\n\n\n\n<p><strong>Comentarios<\/strong>&nbsp;<\/p>\n\n\n\n<p>Cuando deja un comentario en nuestro sitio, los datos ingresados en el formulario de comentarios, pero tambi\u00e9n su direcci\u00f3n IP y el agente de usuario de su navegador se recopilan para ayudarnos a detectar comentarios no deseados.&nbsp;<\/p>\n\n\n\n<p>Una cadena an\u00f3nima creada a partir de su direcci\u00f3n de correo electr\u00f3nico (tambi\u00e9n conocida como hash) se puede enviar al servicio&nbsp;Gravatar&nbsp;para verificar si la est\u00e1 utilizando. Las cl\u00e1usulas de confidencialidad del servicio&nbsp;Gravatar&nbsp;est\u00e1n disponibles aqu\u00ed: https:\/\/automattic.com\/privacy\/. Despu\u00e9s de la validaci\u00f3n de su comentario, su foto de perfil ser\u00e1 visible p\u00fablicamente junto a su comentario.&nbsp;<\/p>\n\n\n\n<p><strong>Medio<\/strong>&nbsp;<\/p>\n\n\n\n<p>Si sube im\u00e1genes al sitio, le recomendamos que evite cargar im\u00e1genes que contengan&nbsp;datos&nbsp;EXIF de coordenadas GPS. Las personas que visitan su sitio pueden descargar y extraer datos de ubicaci\u00f3n de estas im\u00e1genes.&nbsp;<\/p>\n\n\n\n<p><strong>Cookies<\/strong>&nbsp;<\/p>\n\n\n\n<p>Si deja un comentario en nuestro sitio, se le ofrecer\u00e1 guardar su nombre, direcci\u00f3n de correo electr\u00f3nico y sitio en cookies. Esto es solo para su conveniencia, por lo que no tiene que ingresar esta informaci\u00f3n si deja otro comentario m\u00e1s tarde. Estas cookies caducan despu\u00e9s de un a\u00f1o.&nbsp;<\/p>\n\n\n\n<p>Si visita la p\u00e1gina de inicio de sesi\u00f3n, se crear\u00e1 una cookie temporal para determinar si su navegador acepta cookies. No contiene ning\u00fan dato personal y se eliminar\u00e1 autom\u00e1ticamente cuando cierre su navegador.&nbsp;<\/p>\n\n\n\n<p>Cuando inicie sesi\u00f3n, estableceremos una serie de cookies para guardar su informaci\u00f3n de inicio de sesi\u00f3n y preferencias de pantalla. La vida \u00fatil de una cookie de inicio de sesi\u00f3n es de dos d\u00edas, la de una cookie de opci\u00f3n de pantalla es de un a\u00f1o. Si marca \u00abRecordarme\u00bb, su cookie de inicio de sesi\u00f3n se conservar\u00e1 durante dos semanas. Si cierra la sesi\u00f3n de su cuenta, se eliminar\u00e1 la cookie de inicio de sesi\u00f3n.&nbsp;<\/p>\n\n\n\n<p>Al editar o publicar una publicaci\u00f3n, se guardar\u00e1 una cookie adicional en su navegador. Esta cookie no incluye ning\u00fan dato personal. Simplemente muestra el ID de la publicaci\u00f3n que acaba de editar. Caduca despu\u00e9s de un d\u00eda.&nbsp;<\/p>\n\n\n\n<p><strong>Contenido incrustado de otros sitios<\/strong>&nbsp;<\/p>\n\n\n\n<p>Los art\u00edculos en este sitio pueden incluir contenido incrustado (por ejemplo, videos, im\u00e1genes, art\u00edculos, etc.). El contenido incrustado de otros sitios se comporta de la misma manera que si el visitante fuera a ese otro sitio.&nbsp;<\/p>\n\n\n\n<p>Estos sitios web podr\u00edan recopilar datos sobre usted, usar cookies, incrustar herramientas de seguimiento de terceros, rastrear sus interacciones con este contenido incrustado si tiene una cuenta conectada en su sitio web.&nbsp;<\/p>\n\n\n\n<p><strong>Uso y transmisi\u00f3n de sus datos personales<\/strong>&nbsp;<\/p>\n\n\n\n<p>Si solicita un restablecimiento de contrase\u00f1a, su direcci\u00f3n IP se incluir\u00e1 en el correo electr\u00f3nico de restablecimiento.&nbsp;<\/p>\n\n\n\n<p><strong>Duraci\u00f3n del almacenamiento de sus datos<\/strong>&nbsp;<\/p>\n\n\n\n<p>Si deja un comentario, el comentario y sus metadatos se conservan indefinidamente. Esto reconoce y aprueba autom\u00e1ticamente los comentarios posteriores en lugar de dejarlos en la cola de moderaci\u00f3n.&nbsp;<\/p>\n\n\n\n<p>Para las cuentas que se registran en nuestro sitio (si corresponde), tambi\u00e9n almacenamos los datos personales indicados en su perfil. Todas las cuentas pueden ver, modificar o eliminar su informaci\u00f3n personal en cualquier momento (excepto su&nbsp;nombre de usuario). Los administradores del sitio tambi\u00e9n pueden ver y editar esta informaci\u00f3n.&nbsp;<\/p>\n\n\n\n<p><strong>Los derechos que tiene sobre sus datos<\/strong>&nbsp;<\/p>\n\n\n\n<p>Si tiene una cuenta o ha dejado comentarios en el sitio, puede solicitar recibir un archivo que contenga todos los datos personales que tenemos sobre usted, incluidos los que nos ha proporcionado. Tambi\u00e9n puede solicitar la eliminaci\u00f3n de los datos personales que le conciernen. Esto no tiene en cuenta los datos almacenados con fines administrativos, legales o de seguridad.&nbsp;<\/p>\n\n\n\n<p><strong>Transmisi\u00f3n de sus datos personales<\/strong>&nbsp;<\/p>\n\n\n\n<p>Los comentarios de los visitantes se pueden verificar utilizando un servicio automatizado de detecci\u00f3n de spam.&nbsp;<\/p>\n<\/div><\/div>\n","protected":false},"excerpt":{"rendered":"<p>\u00bfQui\u00e9nes somos?&nbsp; El enlace a&nbsp;nuestro sitio&nbsp;web&nbsp;es:&nbsp;www.hn-services.com&nbsp; Comentarios&nbsp; Cuando deja un comentario en nuestro sitio, los datos ingresados en el formulario de comentarios, pero tambi\u00e9n su direcci\u00f3n IP y el agente de usuario de su navegador se recopilan para ayudarnos a detectar comentarios no deseados.&nbsp; Una cadena an\u00f3nima creada a partir de su direcci\u00f3n de correo [&hellip;]<\/p>\n","protected":false},"author":1,"featured_media":0,"parent":0,"menu_order":0,"comment_status":"closed","ping_status":"open","template":"","meta":{"footnotes":""},"class_list":["post-2616","page","type-page","status-publish","hentry"],"yoast_head":"<!-- This site is optimized with the Yoast SEO plugin v27.4 - https:\/\/yoast.com\/product\/yoast-seo-wordpress\/ -->\n<title>Pol\u00edtica de Privacidad - HN Services<\/title>\n<meta name=\"robots\" content=\"index, follow, max-snippet:-1, max-image-preview:large, max-video-preview:-1\" \/>\n<link rel=\"canonical\" href=\"https:\/\/www.hn-services.com\/es\/politica-de-privacidad\/\" \/>\n<meta property=\"og:locale\" content=\"es_ES\" \/>\n<meta property=\"og:type\" content=\"article\" \/>\n<meta property=\"og:title\" content=\"Pol\u00edtica de Privacidad - HN Services\" \/>\n<meta property=\"og:description\" content=\"\u00bfQui\u00e9nes somos?&nbsp; El enlace a&nbsp;nuestro sitio&nbsp;web&nbsp;es:&nbsp;www.hn-services.com&nbsp; Comentarios&nbsp; Cuando deja un comentario en nuestro sitio, los datos ingresados en el formulario de comentarios, pero tambi\u00e9n su direcci\u00f3n IP y el agente de usuario de su navegador se recopilan para ayudarnos a detectar comentarios no deseados.&nbsp; Una cadena an\u00f3nima creada a partir de su direcci\u00f3n de correo [&hellip;]\" \/>\n<meta property=\"og:url\" content=\"https:\/\/www.hn-services.com\/es\/politica-de-privacidad\/\" \/>\n<meta property=\"og:site_name\" content=\"HN Services\" \/>\n<meta property=\"article:modified_time\" content=\"2021-10-28T09:48:13+00:00\" \/>\n<meta property=\"og:image\" content=\"https:\/\/www.hn-services.com\/wp-content\/uploads\/2021\/09\/HN-Paris-scaled.jpg\" \/>\n\t<meta property=\"og:image:width\" content=\"2560\" \/>\n\t<meta property=\"og:image:height\" content=\"1707\" \/>\n\t<meta property=\"og:image:type\" content=\"image\/jpeg\" \/>\n<meta name=\"twitter:card\" content=\"summary_large_image\" \/>\n<meta name=\"twitter:label1\" content=\"Tiempo de lectura\" \/>\n\t<meta name=\"twitter:data1\" content=\"3 minutos\" \/>\n<script type=\"application\/ld+json\" class=\"yoast-schema-graph\">{\"@context\":\"https:\\\/\\\/schema.org\",\"@graph\":[{\"@type\":\"WebPage\",\"@id\":\"https:\\\/\\\/www.hn-services.com\\\/es\\\/politica-de-privacidad\\\/\",\"url\":\"https:\\\/\\\/www.hn-services.com\\\/es\\\/politica-de-privacidad\\\/\",\"name\":\"Pol\u00edtica de Privacidad - HN Services\",\"isPartOf\":{\"@id\":\"https:\\\/\\\/www.hn-services.com\\\/es\\\/#website\"},\"datePublished\":\"2021-07-08T09:05:19+00:00\",\"dateModified\":\"2021-10-28T09:48:13+00:00\",\"breadcrumb\":{\"@id\":\"https:\\\/\\\/www.hn-services.com\\\/es\\\/politica-de-privacidad\\\/#breadcrumb\"},\"inLanguage\":\"es\",\"potentialAction\":[{\"@type\":\"ReadAction\",\"target\":[\"https:\\\/\\\/www.hn-services.com\\\/es\\\/politica-de-privacidad\\\/\"]}]},{\"@type\":\"BreadcrumbList\",\"@id\":\"https:\\\/\\\/www.hn-services.com\\\/es\\\/politica-de-privacidad\\\/#breadcrumb\",\"itemListElement\":[{\"@type\":\"ListItem\",\"position\":1,\"name\":\"Pagina de inicio\",\"item\":\"https:\\\/\\\/www.hn-services.com\\\/es\\\/hn-services-pagina-de-inicio\\\/\"},{\"@type\":\"ListItem\",\"position\":2,\"name\":\"Pol\u00edtica de Privacidad\"}]},{\"@type\":\"WebSite\",\"@id\":\"https:\\\/\\\/www.hn-services.com\\\/es\\\/#website\",\"url\":\"https:\\\/\\\/www.hn-services.com\\\/es\\\/\",\"name\":\"HN Services\",\"description\":\"Entreprise de Services du Num\u00e9rique, accompagne ses clients dans leur transformation digitale\",\"publisher\":{\"@id\":\"https:\\\/\\\/www.hn-services.com\\\/es\\\/#organization\"},\"potentialAction\":[{\"@type\":\"SearchAction\",\"target\":{\"@type\":\"EntryPoint\",\"urlTemplate\":\"https:\\\/\\\/www.hn-services.com\\\/es\\\/?s={search_term_string}\"},\"query-input\":{\"@type\":\"PropertyValueSpecification\",\"valueRequired\":true,\"valueName\":\"search_term_string\"}}],\"inLanguage\":\"es\"},{\"@type\":\"Organization\",\"@id\":\"https:\\\/\\\/www.hn-services.com\\\/es\\\/#organization\",\"name\":\"HN Services\",\"url\":\"https:\\\/\\\/www.hn-services.com\\\/es\\\/\",\"logo\":{\"@type\":\"ImageObject\",\"inLanguage\":\"es\",\"@id\":\"https:\\\/\\\/www.hn-services.com\\\/es\\\/#\\\/schema\\\/logo\\\/image\\\/\",\"url\":\"https:\\\/\\\/www.hn-services.com\\\/wp-content\\\/uploads\\\/2021\\\/08\\\/Logo-HN-Services-Degrade.png\",\"contentUrl\":\"https:\\\/\\\/www.hn-services.com\\\/wp-content\\\/uploads\\\/2021\\\/08\\\/Logo-HN-Services-Degrade.png\",\"width\":149,\"height\":66,\"caption\":\"HN Services\"},\"image\":{\"@id\":\"https:\\\/\\\/www.hn-services.com\\\/es\\\/#\\\/schema\\\/logo\\\/image\\\/\"}}]}<\/script>\n<!-- \/ Yoast SEO plugin. -->","yoast_head_json":{"title":"Pol\u00edtica de Privacidad - HN Services","robots":{"index":"index","follow":"follow","max-snippet":"max-snippet:-1","max-image-preview":"max-image-preview:large","max-video-preview":"max-video-preview:-1"},"canonical":"https:\/\/www.hn-services.com\/es\/politica-de-privacidad\/","og_locale":"es_ES","og_type":"article","og_title":"Pol\u00edtica de Privacidad - HN Services","og_description":"\u00bfQui\u00e9nes somos?&nbsp; El enlace a&nbsp;nuestro sitio&nbsp;web&nbsp;es:&nbsp;www.hn-services.com&nbsp; Comentarios&nbsp; Cuando deja un comentario en nuestro sitio, los datos ingresados en el formulario de comentarios, pero tambi\u00e9n su direcci\u00f3n IP y el agente de usuario de su navegador se recopilan para ayudarnos a detectar comentarios no deseados.&nbsp; Una cadena an\u00f3nima creada a partir de su direcci\u00f3n de correo [&hellip;]","og_url":"https:\/\/www.hn-services.com\/es\/politica-de-privacidad\/","og_site_name":"HN Services","article_modified_time":"2021-10-28T09:48:13+00:00","og_image":[{"width":2560,"height":1707,"url":"https:\/\/www.hn-services.com\/wp-content\/uploads\/2021\/09\/HN-Paris-scaled.jpg","type":"image\/jpeg"}],"twitter_card":"summary_large_image","twitter_misc":{"Tiempo de lectura":"3 minutos"},"schema":{"@context":"https:\/\/schema.org","@graph":[{"@type":"WebPage","@id":"https:\/\/www.hn-services.com\/es\/politica-de-privacidad\/","url":"https:\/\/www.hn-services.com\/es\/politica-de-privacidad\/","name":"Pol\u00edtica de Privacidad - HN Services","isPartOf":{"@id":"https:\/\/www.hn-services.com\/es\/#website"},"datePublished":"2021-07-08T09:05:19+00:00","dateModified":"2021-10-28T09:48:13+00:00","breadcrumb":{"@id":"https:\/\/www.hn-services.com\/es\/politica-de-privacidad\/#breadcrumb"},"inLanguage":"es","potentialAction":[{"@type":"ReadAction","target":["https:\/\/www.hn-services.com\/es\/politica-de-privacidad\/"]}]},{"@type":"BreadcrumbList","@id":"https:\/\/www.hn-services.com\/es\/politica-de-privacidad\/#breadcrumb","itemListElement":[{"@type":"ListItem","position":1,"name":"Pagina de inicio","item":"https:\/\/www.hn-services.com\/es\/hn-services-pagina-de-inicio\/"},{"@type":"ListItem","position":2,"name":"Pol\u00edtica de Privacidad"}]},{"@type":"WebSite","@id":"https:\/\/www.hn-services.com\/es\/#website","url":"https:\/\/www.hn-services.com\/es\/","name":"HN Services","description":"Entreprise de Services du Num\u00e9rique, accompagne ses clients dans leur transformation digitale","publisher":{"@id":"https:\/\/www.hn-services.com\/es\/#organization"},"potentialAction":[{"@type":"SearchAction","target":{"@type":"EntryPoint","urlTemplate":"https:\/\/www.hn-services.com\/es\/?s={search_term_string}"},"query-input":{"@type":"PropertyValueSpecification","valueRequired":true,"valueName":"search_term_string"}}],"inLanguage":"es"},{"@type":"Organization","@id":"https:\/\/www.hn-services.com\/es\/#organization","name":"HN Services","url":"https:\/\/www.hn-services.com\/es\/","logo":{"@type":"ImageObject","inLanguage":"es","@id":"https:\/\/www.hn-services.com\/es\/#\/schema\/logo\/image\/","url":"https:\/\/www.hn-services.com\/wp-content\/uploads\/2021\/08\/Logo-HN-Services-Degrade.png","contentUrl":"https:\/\/www.hn-services.com\/wp-content\/uploads\/2021\/08\/Logo-HN-Services-Degrade.png","width":149,"height":66,"caption":"HN Services"},"image":{"@id":"https:\/\/www.hn-services.com\/es\/#\/schema\/logo\/image\/"}}]}},"_links":{"self":[{"href":"https:\/\/www.hn-services.com\/es\/wp-json\/wp\/v2\/pages\/2616","targetHints":{"allow":["GET"]}}],"collection":[{"href":"https:\/\/www.hn-services.com\/es\/wp-json\/wp\/v2\/pages"}],"about":[{"href":"https:\/\/www.hn-services.com\/es\/wp-json\/wp\/v2\/types\/page"}],"author":[{"embeddable":true,"href":"https:\/\/www.hn-services.com\/es\/wp-json\/wp\/v2\/users\/1"}],"replies":[{"embeddable":true,"href":"https:\/\/www.hn-services.com\/es\/wp-json\/wp\/v2\/comments?post=2616"}],"version-history":[{"count":2,"href":"https:\/\/www.hn-services.com\/es\/wp-json\/wp\/v2\/pages\/2616\/revisions"}],"predecessor-version":[{"id":2619,"href":"https:\/\/www.hn-services.com\/es\/wp-json\/wp\/v2\/pages\/2616\/revisions\/2619"}],"wp:attachment":[{"href":"https:\/\/www.hn-services.com\/es\/wp-json\/wp\/v2\/media?parent=2616"}],"curies":[{"name":"wp","href":"https:\/\/api.w.org\/{rel}","templated":true}]}}