{"id":2401,"date":"2021-08-17T11:59:09","date_gmt":"2021-08-17T09:59:09","guid":{"rendered":"https:\/\/www.hn-services.com\/contact\/"},"modified":"2021-10-29T13:56:11","modified_gmt":"2021-10-29T11:56:11","slug":"contact","status":"publish","type":"page","link":"https:\/\/www.hn-services.com\/es\/contact\/","title":{"rendered":"\u00bfQuieres contactar con nosotros?"},"content":{"rendered":"\n<div class=\"wp-block-group alignwide is-layout-flow wp-block-group-is-layout-flow\"><div class=\"wp-block-group__inner-container\">\n<div class=\"wp-block-columns are-vertically-aligned-top is-layout-flex wp-container-7 wp-block-columns-is-layout-flex\">\n<div class=\"wp-block-column is-vertically-aligned-top is-layout-flow wp-block-column-is-layout-flow\" style=\"padding-bottom:30px\">\n<p class=\"has-text-align-center\">\u00bfQuieres informaci\u00f3n sobre nuestras <strong>ofertas de trabajo<\/strong>?&nbsp;<\/p>\n\n\n\n<div class=\"wp-block-buttons is-content-justification-center is-layout-flex wp-block-buttons-is-layout-flex\">\n<div class=\"wp-block-button btn-rect-rose\"><a class=\"wp-block-button__link has-background\" href=\"https:\/\/www.hn-services.com\/es\/estamos-reclutando\/\" style=\"border-radius:14px;background-color:#ae3b7e\">\u00danete a nosotros&nbsp;<\/a><\/div>\n<\/div>\n<\/div>\n\n\n\n<div class=\"wp-block-column is-vertically-aligned-top is-layout-flow wp-block-column-is-layout-flow\" style=\"padding-bottom:30px\">\n<p class=\"has-text-align-center\">\u00bfTe tienta un curso de formaci\u00f3n? Consulta nuestros<strong> cursos de formaci\u00f3n<\/strong> para j\u00f3venes graduados.&nbsp;<\/p>\n\n\n\n<div class=\"wp-block-buttons is-content-justification-center is-layout-flex wp-block-buttons-is-layout-flex\">\n<div class=\"wp-block-button btn-rect-rose\"><a class=\"wp-block-button__link has-background\" href=\"https:\/\/www.hn-services.com\/es\/hn-institut-centro-de-formacion\/\" style=\"border-radius:14px;background-color:#ae3b7e\">Nuestra formaci\u00f3n&nbsp;<\/a><\/div>\n<\/div>\n<\/div>\n\n\n\n<div class=\"wp-block-column is-vertically-aligned-top is-layout-flow wp-block-column-is-layout-flow\" style=\"padding-bottom:30px\">\n<p class=\"has-text-align-center\">\u00a1HN&nbsp;Services&nbsp;en todo el mundo!&nbsp;<br>Descubre nuestras diferentes <strong>ubicaciones<\/strong>:&nbsp;<\/p>\n\n\n\n<div class=\"wp-block-buttons is-content-justification-center is-layout-flex wp-block-buttons-is-layout-flex\">\n<div class=\"wp-block-button btn-rect-rose\"><a class=\"wp-block-button__link has-background\" href=\"https:\/\/www.hn-services.com\/es\/nuestras-ubicaciones\/\" style=\"border-radius:14px;background-color:#ae3b7e\">Nuestras ubicaciones&nbsp;<\/a><\/div>\n<\/div>\n<\/div>\n<\/div>\n<\/div><\/div>\n\n\n\n<div style=\"height:35px\" aria-hidden=\"true\" class=\"wp-block-spacer\"><\/div>\n\n\n\n<div class=\"wp-block-group alignfull has-background is-layout-flow wp-block-group-is-layout-flow\" style=\"background-color:#f0f0f0;padding-top:35px;padding-right:35px;padding-bottom:35px;padding-left:35px\"><div class=\"wp-block-group__inner-container\">\n<div class=\"wp-block-group alignwide is-layout-flow wp-block-group-is-layout-flow\"><div class=\"wp-block-group__inner-container\">\n<div class=\"wp-block-columns is-layout-flex wp-container-10 wp-block-columns-is-layout-flex\">\n<div class=\"wp-block-column is-layout-flow wp-block-column-is-layout-flow\">\n<h2 class=\"wp-block-heading\">\u00bfTiene alguna pregunta?&nbsp;<\/h2>\n\n\n\n<p>Por favor,&nbsp;rellene&nbsp;su solicitud a continuaci\u00f3n:&nbsp;<\/p>\n\n\n\n<div class=\"wp-block-contact-form-7-contact-form-selector\">\n<div class=\"wpcf7 no-js\" id=\"wpcf7-f2597-o1\" lang=\"es-ES\" dir=\"ltr\">\n<div class=\"screen-reader-response\"><p role=\"status\" aria-live=\"polite\" aria-atomic=\"true\"><\/p> <ul><\/ul><\/div>\n<form action=\"\/es\/wp-json\/wp\/v2\/pages\/2401#wpcf7-f2597-o1\" method=\"post\" class=\"wpcf7-form init\" aria-label=\"Formulario de contacto\" novalidate=\"novalidate\" data-status=\"init\">\n<div style=\"display: none;\">\n<input type=\"hidden\" name=\"_wpcf7\" value=\"2597\" \/>\n<input type=\"hidden\" name=\"_wpcf7_version\" value=\"5.8.1\" \/>\n<input type=\"hidden\" name=\"_wpcf7_locale\" value=\"es_ES\" \/>\n<input type=\"hidden\" name=\"_wpcf7_unit_tag\" value=\"wpcf7-f2597-o1\" \/>\n<input type=\"hidden\" name=\"_wpcf7_container_post\" value=\"0\" \/>\n<input type=\"hidden\" name=\"_wpcf7_posted_data_hash\" value=\"\" \/>\n<input type=\"hidden\" name=\"_wpcf7_recaptcha_response\" value=\"\" \/>\n<\/div>\n<div class=\"row pb-3\">\n\t<h2 class=\"titre text-center\">\u00bfQuieres contactarnos?\n\t<\/h2>\n\t<div class=\"col-md-6 col-12 mb-2\">\n\t\t<p><span class=\"wpcf7-form-control-wrap\" data-name=\"your-name\"><input size=\"40\" class=\"wpcf7-form-control wpcf7-text wpcf7-validates-as-required form-control\" aria-required=\"true\" aria-invalid=\"false\" placeholder=\"Apellidos*\" value=\"\" type=\"text\" name=\"your-name\" \/><\/span>\n\t\t<\/p>\n\t<\/div>\n\t<div class=\"col-md-6 col-12 mb-2\">\n\t\t<p><span class=\"wpcf7-form-control-wrap\" data-name=\"prenom\"><input size=\"40\" class=\"wpcf7-form-control wpcf7-text wpcf7-validates-as-required form-control\" aria-required=\"true\" aria-invalid=\"false\" placeholder=\"Nombre*\" value=\"\" type=\"text\" name=\"prenom\" \/><\/span>\n\t\t<\/p>\n\t<\/div>\n<\/div>\n<div class=\"row pb-3\">\n\t<div class=\"col-md-6 col-12 mb-2\">\n\t\t<p><span class=\"wpcf7-form-control-wrap\" data-name=\"menu-406\"><select class=\"wpcf7-form-control wpcf7-select wpcf7-validates-as-required form-control\" aria-required=\"true\" aria-invalid=\"false\" name=\"menu-406\"><option value=\"\">\u00c9res *<\/option><option value=\"Un candidato\">Un candidato<\/option><option value=\"Una empresa\">Una empresa<\/option><\/select><\/span>\n\t\t<\/p>\n\t<\/div>\n\t<div class=\"col-md-6 col-12 mb-2\">\n\t\t<p><span class=\"wpcf7-form-control-wrap\" data-name=\"your-email\"><input size=\"40\" class=\"wpcf7-form-control wpcf7-email wpcf7-validates-as-required wpcf7-text wpcf7-validates-as-email form-control\" aria-required=\"true\" aria-invalid=\"false\" placeholder=\"Correo electr\u00f3nico*\" value=\"\" type=\"email\" name=\"your-email\" \/><\/span>\n\t\t<\/p>\n\t<\/div>\n<\/div>\n<div class=\"row pb-3\">\n\t<div class=\"col-auto\">\n\t\t<p><span class=\"wpcf7-form-control-wrap\" data-name=\"menu-407\"><select class=\"wpcf7-form-control wpcf7-select wpcf7-validates-as-required form-control\" aria-required=\"true\" aria-invalid=\"false\" name=\"menu-407\"><option value=\"\">\u00bfUbicaci\u00f3n? *<\/option><option value=\"Aix-en-Provence\">Aix-en-Provence<\/option><option value=\"Bucarest\">Bucarest<\/option><option value=\"Madrid\">Madrid<\/option><option value=\"Lille\">Lille<\/option><option value=\"Lisboa\">Lisboa<\/option><option value=\"Luxembourgo\">Luxembourgo<\/option><option value=\"Nueva York\">Nueva York<\/option><option value=\"Paris\">Paris<\/option><option value=\"Oporto\">Oporto<\/option><option value=\"Otro\">Otro<\/option><\/select><\/span>\n\t\t<\/p>\n\t<\/div>\n<\/div>\n<div class=\"row\">\n\t<p><span class=\"wpcf7-form-control-wrap\" data-name=\"your-message\"><textarea cols=\"40\" rows=\"10\" class=\"wpcf7-form-control wpcf7-textarea wpcf7-validates-as-required form-control\" aria-required=\"true\" aria-invalid=\"false\" placeholder=\"Tu mensaje*\" name=\"your-message\"><\/textarea><\/span>\n\t<\/p>\n\t<p><span class=\"wpcf7-form-control-wrap\" data-name=\"acceptance-273\"><span class=\"wpcf7-form-control wpcf7-acceptance\"><span class=\"wpcf7-list-item\"><label><input type=\"checkbox\" name=\"acceptance-273\" value=\"1\" aria-invalid=\"false\" \/><span class=\"wpcf7-list-item-label\">Al marcar esta casilla, declara que ha le\u00eddo y aceptado la <a href=\"\/es\/politica-de-privacidad\/\">pol\u00edtica de privacidad<\/a> de HN Services*<\/span><\/label><\/span><\/span><\/span>\n\t<\/p>\n\t<div class=\"text-center\">\n\t\t<p><input class=\"wpcf7-form-control wpcf7-submit has-spinner\" type=\"submit\" value=\"\u00a1Env\u00edo!\" \/>\n\t\t<\/p>\n\t<\/div>\n<\/div><div class=\"wpcf7-response-output\" aria-hidden=\"true\"><\/div>\n<\/form>\n<\/div>\n<\/div>\n<\/div>\n<\/div>\n<\/div><\/div>\n<\/div><\/div>\n","protected":false},"excerpt":{"rendered":"<p>\u00bfQuieres informaci\u00f3n sobre nuestras ofertas de trabajo?&nbsp; \u00bfTe tienta un curso de formaci\u00f3n? Consulta nuestros cursos de formaci\u00f3n para j\u00f3venes graduados.&nbsp; \u00a1HN&nbsp;Services&nbsp;en todo el mundo!&nbsp;Descubre nuestras diferentes ubicaciones:&nbsp; \u00bfTiene alguna pregunta?&nbsp; Por favor,&nbsp;rellene&nbsp;su solicitud a continuaci\u00f3n:&nbsp;<\/p>\n","protected":false},"author":1,"featured_media":0,"parent":0,"menu_order":0,"comment_status":"closed","ping_status":"closed","template":"","meta":{"footnotes":""},"yoast_head":"<!-- This site is optimized with the Yoast SEO plugin v21.4 - https:\/\/yoast.com\/wordpress\/plugins\/seo\/ -->\n<title>\u00bfQuieres contactar con nosotros? - HN Services<\/title>\n<meta name=\"description\" content=\"\u00bfDesea obtener informaci\u00f3n sobre nuestras ofertas de empleo? \u00bfEst\u00e1 interesado en la formaci\u00f3n? Si quiere saber m\u00e1s sobre nuestra experiencia, p\u00f3ngase en contacto con nosotros en el +34 633 44 48 34\" \/>\n<meta name=\"robots\" content=\"index, follow, max-snippet:-1, max-image-preview:large, max-video-preview:-1\" \/>\n<link rel=\"canonical\" href=\"https:\/\/www.hn-services.com\/es\/contact\/\" \/>\n<meta property=\"og:locale\" content=\"es_ES\" \/>\n<meta property=\"og:type\" content=\"article\" \/>\n<meta property=\"og:title\" content=\"\u00bfQuieres contactar con nosotros? - HN Services\" \/>\n<meta property=\"og:description\" content=\"\u00bfDesea obtener informaci\u00f3n sobre nuestras ofertas de empleo? \u00bfEst\u00e1 interesado en la formaci\u00f3n? Si quiere saber m\u00e1s sobre nuestra experiencia, p\u00f3ngase en contacto con nosotros en el +34 633 44 48 34\" \/>\n<meta property=\"og:url\" content=\"https:\/\/www.hn-services.com\/es\/contact\/\" \/>\n<meta property=\"og:site_name\" content=\"HN Services\" \/>\n<meta property=\"article:modified_time\" content=\"2021-10-29T11:56:11+00:00\" \/>\n<meta property=\"og:image\" content=\"https:\/\/www.hn-services.com\/wp-content\/uploads\/2021\/09\/HN-Paris-scaled.jpg\" \/>\n\t<meta property=\"og:image:width\" content=\"2560\" \/>\n\t<meta property=\"og:image:height\" content=\"1707\" \/>\n\t<meta property=\"og:image:type\" content=\"image\/jpeg\" \/>\n<meta name=\"twitter:card\" content=\"summary_large_image\" \/>\n<meta name=\"twitter:title\" content=\"\u00bfQuieres contactar con nosotros? - HN Services\" \/>\n<meta name=\"twitter:description\" content=\"\u00bfDesea obtener informaci\u00f3n sobre nuestras ofertas de empleo? \u00bfEst\u00e1 interesado en la formaci\u00f3n? Si quiere saber m\u00e1s sobre nuestra experiencia, p\u00f3ngase en contacto con nosotros en el +34 633 44 48 34\" \/>\n<meta name=\"twitter:image\" content=\"https:\/\/www.hn-services.com\/wp-content\/uploads\/2021\/09\/HN-Paris-scaled.jpg\" \/>\n<meta name=\"twitter:label1\" content=\"Tiempo de lectura\" \/>\n\t<meta name=\"twitter:data1\" content=\"1 minuto\" \/>\n<script type=\"application\/ld+json\" class=\"yoast-schema-graph\">{\"@context\":\"https:\/\/schema.org\",\"@graph\":[{\"@type\":\"WebPage\",\"@id\":\"https:\/\/www.hn-services.com\/es\/contact\/\",\"url\":\"https:\/\/www.hn-services.com\/es\/contact\/\",\"name\":\"\u00bfQuieres contactar con nosotros? - HN Services\",\"isPartOf\":{\"@id\":\"https:\/\/www.hn-services.com\/es\/#website\"},\"datePublished\":\"2021-08-17T09:59:09+00:00\",\"dateModified\":\"2021-10-29T11:56:11+00:00\",\"description\":\"\u00bfDesea obtener informaci\u00f3n sobre nuestras ofertas de empleo? \u00bfEst\u00e1 interesado en la formaci\u00f3n? Si quiere saber m\u00e1s sobre nuestra experiencia, p\u00f3ngase en contacto con nosotros en el +34 633 44 48 34\",\"breadcrumb\":{\"@id\":\"https:\/\/www.hn-services.com\/es\/contact\/#breadcrumb\"},\"inLanguage\":\"es\",\"potentialAction\":[{\"@type\":\"ReadAction\",\"target\":[\"https:\/\/www.hn-services.com\/es\/contact\/\"]}]},{\"@type\":\"BreadcrumbList\",\"@id\":\"https:\/\/www.hn-services.com\/es\/contact\/#breadcrumb\",\"itemListElement\":[{\"@type\":\"ListItem\",\"position\":1,\"name\":\"Pagina de inicio\",\"item\":\"https:\/\/www.hn-services.com\/es\/hn-services-pagina-de-inicio\/\"},{\"@type\":\"ListItem\",\"position\":2,\"name\":\"\u00bfQuieres contactar con nosotros?\"}]},{\"@type\":\"WebSite\",\"@id\":\"https:\/\/www.hn-services.com\/es\/#website\",\"url\":\"https:\/\/www.hn-services.com\/es\/\",\"name\":\"HN Services\",\"description\":\"Entreprise de Services du Num\u00e9rique, accompagne ses clients dans leur transformation digitale\",\"publisher\":{\"@id\":\"https:\/\/www.hn-services.com\/es\/#organization\"},\"potentialAction\":[{\"@type\":\"SearchAction\",\"target\":{\"@type\":\"EntryPoint\",\"urlTemplate\":\"https:\/\/www.hn-services.com\/es\/?s={search_term_string}\"},\"query-input\":\"required name=search_term_string\"}],\"inLanguage\":\"es\"},{\"@type\":\"Organization\",\"@id\":\"https:\/\/www.hn-services.com\/es\/#organization\",\"name\":\"HN Services\",\"url\":\"https:\/\/www.hn-services.com\/es\/\",\"logo\":{\"@type\":\"ImageObject\",\"inLanguage\":\"es\",\"@id\":\"https:\/\/www.hn-services.com\/es\/#\/schema\/logo\/image\/\",\"url\":\"https:\/\/www.hn-services.com\/wp-content\/uploads\/2021\/08\/Logo-HN-Services-Degrade.png\",\"contentUrl\":\"https:\/\/www.hn-services.com\/wp-content\/uploads\/2021\/08\/Logo-HN-Services-Degrade.png\",\"width\":149,\"height\":66,\"caption\":\"HN Services\"},\"image\":{\"@id\":\"https:\/\/www.hn-services.com\/es\/#\/schema\/logo\/image\/\"}}]}<\/script>\n<!-- \/ Yoast SEO plugin. -->","yoast_head_json":{"title":"\u00bfQuieres contactar con nosotros? - HN Services","description":"\u00bfDesea obtener informaci\u00f3n sobre nuestras ofertas de empleo? \u00bfEst\u00e1 interesado en la formaci\u00f3n? Si quiere saber m\u00e1s sobre nuestra experiencia, p\u00f3ngase en contacto con nosotros en el +34 633 44 48 34","robots":{"index":"index","follow":"follow","max-snippet":"max-snippet:-1","max-image-preview":"max-image-preview:large","max-video-preview":"max-video-preview:-1"},"canonical":"https:\/\/www.hn-services.com\/es\/contact\/","og_locale":"es_ES","og_type":"article","og_title":"\u00bfQuieres contactar con nosotros? - HN Services","og_description":"\u00bfDesea obtener informaci\u00f3n sobre nuestras ofertas de empleo? \u00bfEst\u00e1 interesado en la formaci\u00f3n? Si quiere saber m\u00e1s sobre nuestra experiencia, p\u00f3ngase en contacto con nosotros en el +34 633 44 48 34","og_url":"https:\/\/www.hn-services.com\/es\/contact\/","og_site_name":"HN Services","article_modified_time":"2021-10-29T11:56:11+00:00","og_image":[{"width":2560,"height":1707,"url":"https:\/\/www.hn-services.com\/wp-content\/uploads\/2021\/09\/HN-Paris-scaled.jpg","type":"image\/jpeg"}],"twitter_card":"summary_large_image","twitter_title":"\u00bfQuieres contactar con nosotros? - HN Services","twitter_description":"\u00bfDesea obtener informaci\u00f3n sobre nuestras ofertas de empleo? \u00bfEst\u00e1 interesado en la formaci\u00f3n? Si quiere saber m\u00e1s sobre nuestra experiencia, p\u00f3ngase en contacto con nosotros en el +34 633 44 48 34","twitter_image":"https:\/\/www.hn-services.com\/wp-content\/uploads\/2021\/09\/HN-Paris-scaled.jpg","twitter_misc":{"Tiempo de lectura":"1 minuto"},"schema":{"@context":"https:\/\/schema.org","@graph":[{"@type":"WebPage","@id":"https:\/\/www.hn-services.com\/es\/contact\/","url":"https:\/\/www.hn-services.com\/es\/contact\/","name":"\u00bfQuieres contactar con nosotros? - HN Services","isPartOf":{"@id":"https:\/\/www.hn-services.com\/es\/#website"},"datePublished":"2021-08-17T09:59:09+00:00","dateModified":"2021-10-29T11:56:11+00:00","description":"\u00bfDesea obtener informaci\u00f3n sobre nuestras ofertas de empleo? \u00bfEst\u00e1 interesado en la formaci\u00f3n? Si quiere saber m\u00e1s sobre nuestra experiencia, p\u00f3ngase en contacto con nosotros en el +34 633 44 48 34","breadcrumb":{"@id":"https:\/\/www.hn-services.com\/es\/contact\/#breadcrumb"},"inLanguage":"es","potentialAction":[{"@type":"ReadAction","target":["https:\/\/www.hn-services.com\/es\/contact\/"]}]},{"@type":"BreadcrumbList","@id":"https:\/\/www.hn-services.com\/es\/contact\/#breadcrumb","itemListElement":[{"@type":"ListItem","position":1,"name":"Pagina de inicio","item":"https:\/\/www.hn-services.com\/es\/hn-services-pagina-de-inicio\/"},{"@type":"ListItem","position":2,"name":"\u00bfQuieres contactar con nosotros?"}]},{"@type":"WebSite","@id":"https:\/\/www.hn-services.com\/es\/#website","url":"https:\/\/www.hn-services.com\/es\/","name":"HN Services","description":"Entreprise de Services du Num\u00e9rique, accompagne ses clients dans leur transformation digitale","publisher":{"@id":"https:\/\/www.hn-services.com\/es\/#organization"},"potentialAction":[{"@type":"SearchAction","target":{"@type":"EntryPoint","urlTemplate":"https:\/\/www.hn-services.com\/es\/?s={search_term_string}"},"query-input":"required name=search_term_string"}],"inLanguage":"es"},{"@type":"Organization","@id":"https:\/\/www.hn-services.com\/es\/#organization","name":"HN Services","url":"https:\/\/www.hn-services.com\/es\/","logo":{"@type":"ImageObject","inLanguage":"es","@id":"https:\/\/www.hn-services.com\/es\/#\/schema\/logo\/image\/","url":"https:\/\/www.hn-services.com\/wp-content\/uploads\/2021\/08\/Logo-HN-Services-Degrade.png","contentUrl":"https:\/\/www.hn-services.com\/wp-content\/uploads\/2021\/08\/Logo-HN-Services-Degrade.png","width":149,"height":66,"caption":"HN Services"},"image":{"@id":"https:\/\/www.hn-services.com\/es\/#\/schema\/logo\/image\/"}}]}},"_links":{"self":[{"href":"https:\/\/www.hn-services.com\/es\/wp-json\/wp\/v2\/pages\/2401"}],"collection":[{"href":"https:\/\/www.hn-services.com\/es\/wp-json\/wp\/v2\/pages"}],"about":[{"href":"https:\/\/www.hn-services.com\/es\/wp-json\/wp\/v2\/types\/page"}],"author":[{"embeddable":true,"href":"https:\/\/www.hn-services.com\/es\/wp-json\/wp\/v2\/users\/1"}],"replies":[{"embeddable":true,"href":"https:\/\/www.hn-services.com\/es\/wp-json\/wp\/v2\/comments?post=2401"}],"version-history":[{"count":5,"href":"https:\/\/www.hn-services.com\/es\/wp-json\/wp\/v2\/pages\/2401\/revisions"}],"predecessor-version":[{"id":3036,"href":"https:\/\/www.hn-services.com\/es\/wp-json\/wp\/v2\/pages\/2401\/revisions\/3036"}],"wp:attachment":[{"href":"https:\/\/www.hn-services.com\/es\/wp-json\/wp\/v2\/media?parent=2401"}],"curies":[{"name":"wp","href":"https:\/\/api.w.org\/{rel}","templated":true}]}}