{"id":2312,"date":"2021-07-30T18:29:19","date_gmt":"2021-07-30T16:29:19","guid":{"rendered":"https:\/\/www.hn-services.com\/nos-formations\/"},"modified":"2023-05-30T14:22:38","modified_gmt":"2023-05-30T12:22:38","slug":"hn-institut-centro-de-formacion","status":"publish","type":"page","link":"https:\/\/www.hn-services.com\/es\/hn-institut-centro-de-formacion\/","title":{"rendered":"HN INSTITUT, CENTRO DE FORMACI\u00d3N"},"content":{"rendered":"","protected":false},"excerpt":{"rendered":"","protected":false},"author":1,"featured_media":2313,"parent":0,"menu_order":0,"comment_status":"closed","ping_status":"closed","template":"template-page-formations.php","meta":{"footnotes":""},"yoast_head":"<!-- This site is optimized with the Yoast SEO plugin v21.4 - https:\/\/yoast.com\/wordpress\/plugins\/seo\/ -->\n<title>HN INSTITUT, CENTRO DE FORMACI\u00d3N - HN Services<\/title>\n<meta name=\"description\" content=\"Este centro de capacitaci\u00f3n interno ha permitido a m\u00e1s de 7,000 j\u00f3venes graduados descubrir las profesiones de los desarrolladores entre otras para aprender el funcionamiento de la producci\u00f3n. \u00a1Descubre los entrenamientos!\" \/>\n<meta name=\"robots\" content=\"index, follow, max-snippet:-1, max-image-preview:large, max-video-preview:-1\" \/>\n<link rel=\"canonical\" href=\"https:\/\/www.hn-services.com\/es\/hn-institut-centro-de-formacion\/\" \/>\n<meta property=\"og:locale\" content=\"es_ES\" \/>\n<meta property=\"og:type\" content=\"article\" \/>\n<meta property=\"og:title\" content=\"HN INSTITUT, CENTRO DE FORMACI\u00d3N - HN Services\" \/>\n<meta property=\"og:description\" content=\"Este centro de capacitaci\u00f3n interno ha permitido a m\u00e1s de 7,000 j\u00f3venes graduados descubrir las profesiones de los desarrolladores entre otras para aprender el funcionamiento de la producci\u00f3n. \u00a1Descubre los entrenamientos!\" \/>\n<meta property=\"og:url\" content=\"https:\/\/www.hn-services.com\/es\/hn-institut-centro-de-formacion\/\" \/>\n<meta property=\"og:site_name\" content=\"HN Services\" \/>\n<meta property=\"article:modified_time\" content=\"2023-05-30T12:22:38+00:00\" \/>\n<meta property=\"og:image\" content=\"https:\/\/www.hn-services.com\/wp-content\/uploads\/2021\/08\/video-page-formations.png\" \/>\n\t<meta property=\"og:image:width\" content=\"1276\" \/>\n\t<meta property=\"og:image:height\" content=\"666\" \/>\n\t<meta property=\"og:image:type\" content=\"image\/png\" \/>\n<meta name=\"twitter:card\" content=\"summary_large_image\" \/>\n<meta name=\"twitter:title\" content=\"HN INSTITUT, CENTRO DE FORMACI\u00d3N - HN Services\" \/>\n<meta name=\"twitter:description\" content=\"Este centro de capacitaci\u00f3n interno ha permitido a m\u00e1s de 7,000 j\u00f3venes graduados descubrir las profesiones de los desarrolladores entre otras para aprender el funcionamiento de la producci\u00f3n. \u00a1Descubre los entrenamientos!\" \/>\n<meta name=\"twitter:image\" content=\"https:\/\/www.hn-services.com\/wp-content\/uploads\/2021\/08\/video-page-formations.png\" \/>\n<script type=\"application\/ld+json\" class=\"yoast-schema-graph\">{\"@context\":\"https:\/\/schema.org\",\"@graph\":[{\"@type\":\"WebPage\",\"@id\":\"https:\/\/www.hn-services.com\/es\/hn-institut-centro-de-formacion\/\",\"url\":\"https:\/\/www.hn-services.com\/es\/hn-institut-centro-de-formacion\/\",\"name\":\"HN INSTITUT, CENTRO DE FORMACI\u00d3N - HN Services\",\"isPartOf\":{\"@id\":\"https:\/\/www.hn-services.com\/es\/#website\"},\"datePublished\":\"2021-07-30T16:29:19+00:00\",\"dateModified\":\"2023-05-30T12:22:38+00:00\",\"description\":\"Este centro de capacitaci\u00f3n interno ha permitido a m\u00e1s de 7,000 j\u00f3venes graduados descubrir las profesiones de los desarrolladores entre otras para aprender el funcionamiento de la producci\u00f3n. \u00a1Descubre los entrenamientos!\",\"breadcrumb\":{\"@id\":\"https:\/\/www.hn-services.com\/es\/hn-institut-centro-de-formacion\/#breadcrumb\"},\"inLanguage\":\"es\",\"potentialAction\":[{\"@type\":\"ReadAction\",\"target\":[\"https:\/\/www.hn-services.com\/es\/hn-institut-centro-de-formacion\/\"]}]},{\"@type\":\"BreadcrumbList\",\"@id\":\"https:\/\/www.hn-services.com\/es\/hn-institut-centro-de-formacion\/#breadcrumb\",\"itemListElement\":[{\"@type\":\"ListItem\",\"position\":1,\"name\":\"Pagina de inicio\",\"item\":\"https:\/\/www.hn-services.com\/es\/hn-services-pagina-de-inicio\/\"},{\"@type\":\"ListItem\",\"position\":2,\"name\":\"Formaci\u00f3n\"}]},{\"@type\":\"WebSite\",\"@id\":\"https:\/\/www.hn-services.com\/es\/#website\",\"url\":\"https:\/\/www.hn-services.com\/es\/\",\"name\":\"HN Services\",\"description\":\"Entreprise de Services du Num\u00e9rique, accompagne ses clients dans leur transformation digitale\",\"publisher\":{\"@id\":\"https:\/\/www.hn-services.com\/es\/#organization\"},\"potentialAction\":[{\"@type\":\"SearchAction\",\"target\":{\"@type\":\"EntryPoint\",\"urlTemplate\":\"https:\/\/www.hn-services.com\/es\/?s={search_term_string}\"},\"query-input\":\"required name=search_term_string\"}],\"inLanguage\":\"es\"},{\"@type\":\"Organization\",\"@id\":\"https:\/\/www.hn-services.com\/es\/#organization\",\"name\":\"HN Services\",\"url\":\"https:\/\/www.hn-services.com\/es\/\",\"logo\":{\"@type\":\"ImageObject\",\"inLanguage\":\"es\",\"@id\":\"https:\/\/www.hn-services.com\/es\/#\/schema\/logo\/image\/\",\"url\":\"https:\/\/www.hn-services.com\/wp-content\/uploads\/2021\/08\/Logo-HN-Services-Degrade.png\",\"contentUrl\":\"https:\/\/www.hn-services.com\/wp-content\/uploads\/2021\/08\/Logo-HN-Services-Degrade.png\",\"width\":149,\"height\":66,\"caption\":\"HN Services\"},\"image\":{\"@id\":\"https:\/\/www.hn-services.com\/es\/#\/schema\/logo\/image\/\"}}]}<\/script>\n<!-- \/ Yoast SEO plugin. -->","yoast_head_json":{"title":"HN INSTITUT, CENTRO DE FORMACI\u00d3N - HN Services","description":"Este centro de capacitaci\u00f3n interno ha permitido a m\u00e1s de 7,000 j\u00f3venes graduados descubrir las profesiones de los desarrolladores entre otras para aprender el funcionamiento de la producci\u00f3n. \u00a1Descubre los entrenamientos!","robots":{"index":"index","follow":"follow","max-snippet":"max-snippet:-1","max-image-preview":"max-image-preview:large","max-video-preview":"max-video-preview:-1"},"canonical":"https:\/\/www.hn-services.com\/es\/hn-institut-centro-de-formacion\/","og_locale":"es_ES","og_type":"article","og_title":"HN INSTITUT, CENTRO DE FORMACI\u00d3N - HN Services","og_description":"Este centro de capacitaci\u00f3n interno ha permitido a m\u00e1s de 7,000 j\u00f3venes graduados descubrir las profesiones de los desarrolladores entre otras para aprender el funcionamiento de la producci\u00f3n. \u00a1Descubre los entrenamientos!","og_url":"https:\/\/www.hn-services.com\/es\/hn-institut-centro-de-formacion\/","og_site_name":"HN Services","article_modified_time":"2023-05-30T12:22:38+00:00","og_image":[{"width":1276,"height":666,"url":"https:\/\/www.hn-services.com\/wp-content\/uploads\/2021\/08\/video-page-formations.png","type":"image\/png"}],"twitter_card":"summary_large_image","twitter_title":"HN INSTITUT, CENTRO DE FORMACI\u00d3N - HN Services","twitter_description":"Este centro de capacitaci\u00f3n interno ha permitido a m\u00e1s de 7,000 j\u00f3venes graduados descubrir las profesiones de los desarrolladores entre otras para aprender el funcionamiento de la producci\u00f3n. \u00a1Descubre los entrenamientos!","twitter_image":"https:\/\/www.hn-services.com\/wp-content\/uploads\/2021\/08\/video-page-formations.png","schema":{"@context":"https:\/\/schema.org","@graph":[{"@type":"WebPage","@id":"https:\/\/www.hn-services.com\/es\/hn-institut-centro-de-formacion\/","url":"https:\/\/www.hn-services.com\/es\/hn-institut-centro-de-formacion\/","name":"HN INSTITUT, CENTRO DE FORMACI\u00d3N - HN Services","isPartOf":{"@id":"https:\/\/www.hn-services.com\/es\/#website"},"datePublished":"2021-07-30T16:29:19+00:00","dateModified":"2023-05-30T12:22:38+00:00","description":"Este centro de capacitaci\u00f3n interno ha permitido a m\u00e1s de 7,000 j\u00f3venes graduados descubrir las profesiones de los desarrolladores entre otras para aprender el funcionamiento de la producci\u00f3n. \u00a1Descubre los entrenamientos!","breadcrumb":{"@id":"https:\/\/www.hn-services.com\/es\/hn-institut-centro-de-formacion\/#breadcrumb"},"inLanguage":"es","potentialAction":[{"@type":"ReadAction","target":["https:\/\/www.hn-services.com\/es\/hn-institut-centro-de-formacion\/"]}]},{"@type":"BreadcrumbList","@id":"https:\/\/www.hn-services.com\/es\/hn-institut-centro-de-formacion\/#breadcrumb","itemListElement":[{"@type":"ListItem","position":1,"name":"Pagina de inicio","item":"https:\/\/www.hn-services.com\/es\/hn-services-pagina-de-inicio\/"},{"@type":"ListItem","position":2,"name":"Formaci\u00f3n"}]},{"@type":"WebSite","@id":"https:\/\/www.hn-services.com\/es\/#website","url":"https:\/\/www.hn-services.com\/es\/","name":"HN Services","description":"Entreprise de Services du Num\u00e9rique, accompagne ses clients dans leur transformation digitale","publisher":{"@id":"https:\/\/www.hn-services.com\/es\/#organization"},"potentialAction":[{"@type":"SearchAction","target":{"@type":"EntryPoint","urlTemplate":"https:\/\/www.hn-services.com\/es\/?s={search_term_string}"},"query-input":"required name=search_term_string"}],"inLanguage":"es"},{"@type":"Organization","@id":"https:\/\/www.hn-services.com\/es\/#organization","name":"HN Services","url":"https:\/\/www.hn-services.com\/es\/","logo":{"@type":"ImageObject","inLanguage":"es","@id":"https:\/\/www.hn-services.com\/es\/#\/schema\/logo\/image\/","url":"https:\/\/www.hn-services.com\/wp-content\/uploads\/2021\/08\/Logo-HN-Services-Degrade.png","contentUrl":"https:\/\/www.hn-services.com\/wp-content\/uploads\/2021\/08\/Logo-HN-Services-Degrade.png","width":149,"height":66,"caption":"HN Services"},"image":{"@id":"https:\/\/www.hn-services.com\/es\/#\/schema\/logo\/image\/"}}]}},"_links":{"self":[{"href":"https:\/\/www.hn-services.com\/es\/wp-json\/wp\/v2\/pages\/2312"}],"collection":[{"href":"https:\/\/www.hn-services.com\/es\/wp-json\/wp\/v2\/pages"}],"about":[{"href":"https:\/\/www.hn-services.com\/es\/wp-json\/wp\/v2\/types\/page"}],"author":[{"embeddable":true,"href":"https:\/\/www.hn-services.com\/es\/wp-json\/wp\/v2\/users\/1"}],"replies":[{"embeddable":true,"href":"https:\/\/www.hn-services.com\/es\/wp-json\/wp\/v2\/comments?post=2312"}],"version-history":[{"count":6,"href":"https:\/\/www.hn-services.com\/es\/wp-json\/wp\/v2\/pages\/2312\/revisions"}],"predecessor-version":[{"id":4978,"href":"https:\/\/www.hn-services.com\/es\/wp-json\/wp\/v2\/pages\/2312\/revisions\/4978"}],"wp:featuredmedia":[{"embeddable":true,"href":"https:\/\/www.hn-services.com\/es\/wp-json\/wp\/v2\/media\/2313"}],"wp:attachment":[{"href":"https:\/\/www.hn-services.com\/es\/wp-json\/wp\/v2\/media?parent=2312"}],"curies":[{"name":"wp","href":"https:\/\/api.w.org\/{rel}","templated":true}]}}