{"id":2229,"date":"2021-08-20T15:05:18","date_gmt":"2021-08-20T13:05:18","guid":{"rendered":"https:\/\/www.hn-services.com\/qui-sommes-nous\/"},"modified":"2023-03-31T10:40:20","modified_gmt":"2023-03-31T08:40:20","slug":"quienes-somos","status":"publish","type":"page","link":"https:\/\/www.hn-services.com\/es\/quienes-somos\/","title":{"rendered":"\u00bfQui\u00e9nes somos?"},"content":{"rendered":"","protected":false},"excerpt":{"rendered":"","protected":false},"author":1,"featured_media":0,"parent":0,"menu_order":0,"comment_status":"closed","ping_status":"closed","template":"template-qui-sommes-nous.php","meta":{"footnotes":""},"class_list":["post-2229","page","type-page","status-publish","hentry"],"yoast_head":"<!-- This site is optimized with the Yoast SEO plugin v27.4 - https:\/\/yoast.com\/product\/yoast-seo-wordpress\/ -->\n<title>\u00bfQui\u00e9nes somos? - HN Services<\/title>\n<meta name=\"description\" content=\"HN Services es una empresa fundada en 1983 por Michel Hochberg. Desde 2015, Antoine Hennache ha tomado las riendas de la compa\u00f1\u00eda, convirti\u00e9ndose en CEO. \u00a1Descubra todo el equipo de HN Services!\" \/>\n<meta name=\"robots\" content=\"index, follow, max-snippet:-1, max-image-preview:large, max-video-preview:-1\" \/>\n<link rel=\"canonical\" href=\"https:\/\/www.hn-services.com\/es\/quienes-somos\/\" \/>\n<meta property=\"og:locale\" content=\"es_ES\" \/>\n<meta property=\"og:type\" content=\"article\" \/>\n<meta property=\"og:title\" content=\"\u00bfQui\u00e9nes somos? - HN Services\" \/>\n<meta property=\"og:description\" content=\"HN Services es una empresa fundada en 1983 por Michel Hochberg. Desde 2015, Antoine Hennache ha tomado las riendas de la compa\u00f1\u00eda, convirti\u00e9ndose en CEO. \u00a1Descubra todo el equipo de HN Services!\" \/>\n<meta property=\"og:url\" content=\"https:\/\/www.hn-services.com\/es\/quienes-somos\/\" \/>\n<meta property=\"og:site_name\" content=\"HN Services\" \/>\n<meta property=\"article:modified_time\" content=\"2023-03-31T08:40:20+00:00\" \/>\n<meta property=\"og:image\" content=\"https:\/\/www.hn-services.com\/wp-content\/uploads\/2021\/09\/HN-Paris-scaled.jpg\" \/>\n\t<meta property=\"og:image:width\" content=\"2560\" \/>\n\t<meta property=\"og:image:height\" content=\"1707\" \/>\n\t<meta property=\"og:image:type\" content=\"image\/jpeg\" \/>\n<meta name=\"twitter:card\" content=\"summary_large_image\" \/>\n<meta name=\"twitter:title\" content=\"\u00bfQui\u00e9nes somos? - HN Services\" \/>\n<meta name=\"twitter:description\" content=\"HN Services es una empresa fundada en 1983 por Michel Hochberg. Desde 2015, Antoine Hennache ha tomado las riendas de la compa\u00f1\u00eda, convirti\u00e9ndose en CEO. \u00a1Descubra todo el equipo de HN Services!\" \/>\n<meta name=\"twitter:image\" content=\"https:\/\/www.hn-services.com\/wp-content\/uploads\/2021\/09\/HN-Paris-scaled.jpg\" \/>\n<script type=\"application\/ld+json\" class=\"yoast-schema-graph\">{\"@context\":\"https:\\\/\\\/schema.org\",\"@graph\":[{\"@type\":\"WebPage\",\"@id\":\"https:\\\/\\\/www.hn-services.com\\\/es\\\/quienes-somos\\\/\",\"url\":\"https:\\\/\\\/www.hn-services.com\\\/es\\\/quienes-somos\\\/\",\"name\":\"\u00bfQui\u00e9nes somos? - HN Services\",\"isPartOf\":{\"@id\":\"https:\\\/\\\/www.hn-services.com\\\/es\\\/#website\"},\"datePublished\":\"2021-08-20T13:05:18+00:00\",\"dateModified\":\"2023-03-31T08:40:20+00:00\",\"description\":\"HN Services es una empresa fundada en 1983 por Michel Hochberg. Desde 2015, Antoine Hennache ha tomado las riendas de la compa\u00f1\u00eda, convirti\u00e9ndose en CEO. \u00a1Descubra todo el equipo de HN Services!\",\"breadcrumb\":{\"@id\":\"https:\\\/\\\/www.hn-services.com\\\/es\\\/quienes-somos\\\/#breadcrumb\"},\"inLanguage\":\"es\",\"potentialAction\":[{\"@type\":\"ReadAction\",\"target\":[\"https:\\\/\\\/www.hn-services.com\\\/es\\\/quienes-somos\\\/\"]}]},{\"@type\":\"BreadcrumbList\",\"@id\":\"https:\\\/\\\/www.hn-services.com\\\/es\\\/quienes-somos\\\/#breadcrumb\",\"itemListElement\":[{\"@type\":\"ListItem\",\"position\":1,\"name\":\"Pagina de inicio\",\"item\":\"https:\\\/\\\/www.hn-services.com\\\/es\\\/hn-services-pagina-de-inicio\\\/\"},{\"@type\":\"ListItem\",\"position\":2,\"name\":\"\u00bfQui\u00e9nes somos?\"}]},{\"@type\":\"WebSite\",\"@id\":\"https:\\\/\\\/www.hn-services.com\\\/es\\\/#website\",\"url\":\"https:\\\/\\\/www.hn-services.com\\\/es\\\/\",\"name\":\"HN Services\",\"description\":\"Entreprise de Services du Num\u00e9rique, accompagne ses clients dans leur transformation digitale\",\"publisher\":{\"@id\":\"https:\\\/\\\/www.hn-services.com\\\/es\\\/#organization\"},\"potentialAction\":[{\"@type\":\"SearchAction\",\"target\":{\"@type\":\"EntryPoint\",\"urlTemplate\":\"https:\\\/\\\/www.hn-services.com\\\/es\\\/?s={search_term_string}\"},\"query-input\":{\"@type\":\"PropertyValueSpecification\",\"valueRequired\":true,\"valueName\":\"search_term_string\"}}],\"inLanguage\":\"es\"},{\"@type\":\"Organization\",\"@id\":\"https:\\\/\\\/www.hn-services.com\\\/es\\\/#organization\",\"name\":\"HN Services\",\"url\":\"https:\\\/\\\/www.hn-services.com\\\/es\\\/\",\"logo\":{\"@type\":\"ImageObject\",\"inLanguage\":\"es\",\"@id\":\"https:\\\/\\\/www.hn-services.com\\\/es\\\/#\\\/schema\\\/logo\\\/image\\\/\",\"url\":\"https:\\\/\\\/www.hn-services.com\\\/wp-content\\\/uploads\\\/2021\\\/08\\\/Logo-HN-Services-Degrade.png\",\"contentUrl\":\"https:\\\/\\\/www.hn-services.com\\\/wp-content\\\/uploads\\\/2021\\\/08\\\/Logo-HN-Services-Degrade.png\",\"width\":149,\"height\":66,\"caption\":\"HN Services\"},\"image\":{\"@id\":\"https:\\\/\\\/www.hn-services.com\\\/es\\\/#\\\/schema\\\/logo\\\/image\\\/\"}}]}<\/script>\n<!-- \/ Yoast SEO plugin. -->","yoast_head_json":{"title":"\u00bfQui\u00e9nes somos? - HN Services","description":"HN Services es una empresa fundada en 1983 por Michel Hochberg. Desde 2015, Antoine Hennache ha tomado las riendas de la compa\u00f1\u00eda, convirti\u00e9ndose en CEO. \u00a1Descubra todo el equipo de HN Services!","robots":{"index":"index","follow":"follow","max-snippet":"max-snippet:-1","max-image-preview":"max-image-preview:large","max-video-preview":"max-video-preview:-1"},"canonical":"https:\/\/www.hn-services.com\/es\/quienes-somos\/","og_locale":"es_ES","og_type":"article","og_title":"\u00bfQui\u00e9nes somos? - HN Services","og_description":"HN Services es una empresa fundada en 1983 por Michel Hochberg. Desde 2015, Antoine Hennache ha tomado las riendas de la compa\u00f1\u00eda, convirti\u00e9ndose en CEO. \u00a1Descubra todo el equipo de HN Services!","og_url":"https:\/\/www.hn-services.com\/es\/quienes-somos\/","og_site_name":"HN Services","article_modified_time":"2023-03-31T08:40:20+00:00","og_image":[{"width":2560,"height":1707,"url":"https:\/\/www.hn-services.com\/wp-content\/uploads\/2021\/09\/HN-Paris-scaled.jpg","type":"image\/jpeg"}],"twitter_card":"summary_large_image","twitter_title":"\u00bfQui\u00e9nes somos? - HN Services","twitter_description":"HN Services es una empresa fundada en 1983 por Michel Hochberg. Desde 2015, Antoine Hennache ha tomado las riendas de la compa\u00f1\u00eda, convirti\u00e9ndose en CEO. \u00a1Descubra todo el equipo de HN Services!","twitter_image":"https:\/\/www.hn-services.com\/wp-content\/uploads\/2021\/09\/HN-Paris-scaled.jpg","schema":{"@context":"https:\/\/schema.org","@graph":[{"@type":"WebPage","@id":"https:\/\/www.hn-services.com\/es\/quienes-somos\/","url":"https:\/\/www.hn-services.com\/es\/quienes-somos\/","name":"\u00bfQui\u00e9nes somos? - HN Services","isPartOf":{"@id":"https:\/\/www.hn-services.com\/es\/#website"},"datePublished":"2021-08-20T13:05:18+00:00","dateModified":"2023-03-31T08:40:20+00:00","description":"HN Services es una empresa fundada en 1983 por Michel Hochberg. Desde 2015, Antoine Hennache ha tomado las riendas de la compa\u00f1\u00eda, convirti\u00e9ndose en CEO. \u00a1Descubra todo el equipo de HN Services!","breadcrumb":{"@id":"https:\/\/www.hn-services.com\/es\/quienes-somos\/#breadcrumb"},"inLanguage":"es","potentialAction":[{"@type":"ReadAction","target":["https:\/\/www.hn-services.com\/es\/quienes-somos\/"]}]},{"@type":"BreadcrumbList","@id":"https:\/\/www.hn-services.com\/es\/quienes-somos\/#breadcrumb","itemListElement":[{"@type":"ListItem","position":1,"name":"Pagina de inicio","item":"https:\/\/www.hn-services.com\/es\/hn-services-pagina-de-inicio\/"},{"@type":"ListItem","position":2,"name":"\u00bfQui\u00e9nes somos?"}]},{"@type":"WebSite","@id":"https:\/\/www.hn-services.com\/es\/#website","url":"https:\/\/www.hn-services.com\/es\/","name":"HN Services","description":"Entreprise de Services du Num\u00e9rique, accompagne ses clients dans leur transformation digitale","publisher":{"@id":"https:\/\/www.hn-services.com\/es\/#organization"},"potentialAction":[{"@type":"SearchAction","target":{"@type":"EntryPoint","urlTemplate":"https:\/\/www.hn-services.com\/es\/?s={search_term_string}"},"query-input":{"@type":"PropertyValueSpecification","valueRequired":true,"valueName":"search_term_string"}}],"inLanguage":"es"},{"@type":"Organization","@id":"https:\/\/www.hn-services.com\/es\/#organization","name":"HN Services","url":"https:\/\/www.hn-services.com\/es\/","logo":{"@type":"ImageObject","inLanguage":"es","@id":"https:\/\/www.hn-services.com\/es\/#\/schema\/logo\/image\/","url":"https:\/\/www.hn-services.com\/wp-content\/uploads\/2021\/08\/Logo-HN-Services-Degrade.png","contentUrl":"https:\/\/www.hn-services.com\/wp-content\/uploads\/2021\/08\/Logo-HN-Services-Degrade.png","width":149,"height":66,"caption":"HN Services"},"image":{"@id":"https:\/\/www.hn-services.com\/es\/#\/schema\/logo\/image\/"}}]}},"_links":{"self":[{"href":"https:\/\/www.hn-services.com\/es\/wp-json\/wp\/v2\/pages\/2229","targetHints":{"allow":["GET"]}}],"collection":[{"href":"https:\/\/www.hn-services.com\/es\/wp-json\/wp\/v2\/pages"}],"about":[{"href":"https:\/\/www.hn-services.com\/es\/wp-json\/wp\/v2\/types\/page"}],"author":[{"embeddable":true,"href":"https:\/\/www.hn-services.com\/es\/wp-json\/wp\/v2\/users\/1"}],"replies":[{"embeddable":true,"href":"https:\/\/www.hn-services.com\/es\/wp-json\/wp\/v2\/comments?post=2229"}],"version-history":[{"count":18,"href":"https:\/\/www.hn-services.com\/es\/wp-json\/wp\/v2\/pages\/2229\/revisions"}],"predecessor-version":[{"id":4598,"href":"https:\/\/www.hn-services.com\/es\/wp-json\/wp\/v2\/pages\/2229\/revisions\/4598"}],"wp:attachment":[{"href":"https:\/\/www.hn-services.com\/es\/wp-json\/wp\/v2\/media?parent=2229"}],"curies":[{"name":"wp","href":"https:\/\/api.w.org\/{rel}","templated":true}]}}